{"id":3108,"date":"2023-04-06T09:33:20","date_gmt":"2023-04-06T09:33:20","guid":{"rendered":"http:\/\/rincondepo.com\/?page_id=3108"},"modified":"2023-04-06T09:43:01","modified_gmt":"2023-04-06T09:43:01","slug":"politica-de-privacidad","status":"publish","type":"page","link":"https:\/\/www.rincondepo.com\/index.php\/politica-de-privacidad\/","title":{"rendered":"Pol\u00edtica de Privacidad"},"content":{"rendered":"\t\t<div data-elementor-type=\"wp-page\" data-elementor-id=\"3108\" class=\"elementor elementor-3108\">\n\t\t\t\t\t\t\t\t\t<section class=\"elementor-section elementor-top-section elementor-element elementor-element-9d9935e elementor-section-boxed elementor-section-height-default elementor-section-height-default\" data-id=\"9d9935e\" data-element_type=\"section\">\r\n\t\t\r\n\t\t\t\t\t\t\t<div class=\"elementor-container elementor-column-gap-default\">\r\n\t\t\t\t\t\t\t\t\t\t\t<div class=\"elementor-column elementor-col-100 elementor-top-column elementor-element elementor-element-6569072\" data-id=\"6569072\" data-element_type=\"column\">\r\n\t\t\t\t\t<div class=\"elementor-widget-wrap elementor-element-populated\">\r\n\t\t\t\t\t\t\t\t<div class=\"elementor-element elementor-element-6076bd3 elementor-widget elementor-widget-text-editor\" data-id=\"6076bd3\" data-element_type=\"widget\" data-widget_type=\"text-editor.default\">\n\t\t\t\t<div class=\"elementor-widget-container\">\n\t\t\t<style>\/*! elementor - v3.14.0 - 26-06-2023 *\/\n.elementor-widget-text-editor.elementor-drop-cap-view-stacked .elementor-drop-cap{background-color:#69727d;color:#fff}.elementor-widget-text-editor.elementor-drop-cap-view-framed .elementor-drop-cap{color:#69727d;border:3px solid;background-color:transparent}.elementor-widget-text-editor:not(.elementor-drop-cap-view-default) .elementor-drop-cap{margin-top:8px}.elementor-widget-text-editor:not(.elementor-drop-cap-view-default) .elementor-drop-cap-letter{width:1em;height:1em}.elementor-widget-text-editor .elementor-drop-cap{float:left;text-align:center;line-height:1;font-size:50px}.elementor-widget-text-editor .elementor-drop-cap-letter{display:inline-block}<\/style>\t\t\t\t<p><!-- wp:paragraph --><!-- \/wp:paragraph --><!-- wp:paragraph --><\/p>\n<p><!-- \/wp:paragraph --><!-- wp:paragraph --><\/p>\n<h2 style=\"text-align: center;\">Pol\u00edtica de Privacidad<\/h2>\n<p><span style=\"font-weight: 400;\">Siguiendo los principios de licitud, lealtad y transparencia, ponemos a su disposici\u00f3n la presente Pol\u00edtica de Privacidad.<\/span><\/p>\n<p><b>\u00bfQui\u00e9n es el Responsable del tratamiento de sus datos?<\/b><\/p>\n<p><span style=\"font-weight: 400;\">https:\/\/rincondepo.com, en adelante esta WEB, o este sitio WEB, es propiedad y est\u00e1 gestionado por APOWI COMPLEMENTOS, S.L., en adelante RINCON DE PO &amp; SOHO, con los siguientes datos:<\/span><\/p>\n<p><span style=\"font-weight: 400;\">&#8211; Responsable: APOWI COMPLEMENTOS, S.L.<\/span><\/p>\n<p><span style=\"font-weight: 400;\">&#8211; Direcci\u00f3n: C\/ NORIA, 3 &#8211; 36940 CANGAS DO MORRAZO (PONTEVEDRA)<\/span><\/p>\n<p><span style=\"font-weight: 400;\">&#8211; CIF o NIF: B36564813<\/span><\/p>\n<p><span style=\"font-weight: 400;\">&#8211; Tel\u00e9fono:\u00a0 986305030\u00a0<\/span><\/p>\n<p><span style=\"font-weight: 400;\">&#8211; Email: rincondepo@rincondepo.com<\/span><\/p>\n<p>\u00a0<\/p>\n<p><b>\u00bfQu\u00e9 datos personales vamos a tratar?<\/b><\/p>\n<p><span style=\"font-weight: 400;\">Pontenciales clientes: Si contactas con nosotros a trav\u00e9s de cualquiera de nuestras v\u00edas de contacto podremos recabar tu nombre, correo electr\u00f3nico o n\u00famero de tel\u00e9fono.<\/span><\/p>\n<p><span style=\"font-weight: 400;\">Clientes: En orden a realizar la facturaci\u00f3n y el env\u00edo de los productos que adquieras a trav\u00e9s de la web, trataremos datos como tu nombre y apellidos, IP, DNI, direcci\u00f3n, n\u00ba de tel\u00e9fono o correo electr\u00f3nico.<\/span><\/p>\n<p><span style=\"font-weight: 400;\">Usuarios web: Direcci\u00f3n IP<\/span><\/p>\n<p>\u00a0<\/p>\n<p><b>\u00bfCon qu\u00e9 finalidad tratamos sus datos personales?<\/b><\/p>\n<p><span style=\"font-weight: 400;\">En APOWI COMPLEMENTOS, S.L., dependiendo de la categor\u00eda de interesado de que se trate, tratamos la informaci\u00f3n que nos facilita con las siguientes finalidades:<\/span><\/p>\n<p><span style=\"font-weight: 400;\">Pontenciales clientes: Gestionar la potencial relaci\u00f3n comercial y\/o profesional; gestionar el env\u00edo de informaci\u00f3n solicitada y\/o resolver las consultas planteadas; si nos autoriza, facilitar ofertas de nuestros servicios y\/o productos de su inter\u00e9s.<\/span><\/p>\n<p><span style=\"font-weight: 400;\">Clientes: Gestionar la relaci\u00f3n comercial, facilitar ofertas de nuestros servicios y\/o productos de su inter\u00e9s.<\/span><\/p>\n<p><span style=\"font-weight: 400;\">Enviar los productos adquiridos a trav\u00e9s de la tienda online.<\/span><\/p>\n<p><span style=\"font-weight: 400;\">Facturaci\u00f3n de los productos adquiridos a trav\u00e9s de la tienda online.<\/span><\/p>\n<p><span style=\"font-weight: 400;\">Realizar el proceso de compra de un pedido y gestionar el pago.<\/span><\/p>\n<p><span style=\"font-weight: 400;\">Usuarios web: Tus datos ser\u00e1n tratados para finalidades t\u00e9cnicas que permitan la navegaci\u00f3n por la web, como recordar la sesi\u00f3n o habilitar todas las funciones o servicios de la misma.<\/span><\/p>\n<p>\u00a0<\/p>\n<p><b>\u00bfCu\u00e1l es la legitimaci\u00f3n para el tratamiento de sus datos?<\/b><\/p>\n<p><span style=\"font-weight: 400;\">La base legal para el tratamiento de sus datos personales, dependiendo de la categor\u00eda de interesado de que se trate, puede ser:<\/span><\/p>\n<p><span style=\"font-weight: 400;\">Pontenciales clientes: Art. 6.1.b RGPD: aplicaci\u00f3n, a petici\u00f3n del interesado, de medidas precontractuales (presupuestos, hojas de encargo, ofertas de servicios).<\/span><\/p>\n<p><span style=\"font-weight: 400;\">Art. 6.1.f RGPD: Inter\u00e9s leg\u00edtimo (enviar informaci\u00f3n solicitada, responder a las consultas planteadas).<\/span><\/p>\n<p><span style=\"font-weight: 400;\">Art. 6.1.a RGPD: consentimiento del propio interesado (facilitar ofertas de nuestros servicios y\/o productos).<\/span><\/p>\n<p><span style=\"font-weight: 400;\">Clientes: Art. 6.1.b RGPD: ejecuci\u00f3n de un contrato en el que el interesado es parte.<\/span><\/p>\n<p><span style=\"font-weight: 400;\">Usuarios web: Art. 6.1.f RGPD: inter\u00e9s leg\u00edtimo.<\/span><\/p>\n<p><span style=\"font-weight: 400;\">Art. 6.1.a RGPD: consentimiento del propio interesado<\/span><\/p>\n<p><span style=\"font-weight: 400;\">Los datos que le solicitamos son adecuados, pertinentes y estrictamente necesarios y en ning\u00fan caso est\u00e1 obligado a facilit\u00e1rnoslos, pero su no comunicaci\u00f3n podr\u00e1 afectar a la finalidad del servicio o la imposibilidad de prestarlo.\u00a0<\/span><\/p>\n<p>\u00a0<\/p>\n<p><b>\u00bfPor cu\u00e1nto tiempo conservaremos sus datos personales?<\/b><\/p>\n<p><span style=\"font-weight: 400;\">Sus datos, ser\u00e1n conservados el tiempo m\u00ednimo necesario para completar la finalidad para la que fueron recabados, as\u00ed como para la correcta prestaci\u00f3n del servicio ofrecido. Tambi\u00e9n podr\u00e1n ser utilizados para atender las responsabilidades que se pudieran derivar del mismo y de cualquier otra exigencia legal.<\/span><\/p>\n<p>\u00a0<\/p>\n<p><b>\u00bfA qu\u00e9 destinatarios se comunicar\u00e1n sus datos?<\/b><span style=\"font-weight: 400;\">\u00a0<\/span><\/p>\n<p><span style=\"font-weight: 400;\">APOWI COMPLEMENTOS, S.L., para una correcta prestaci\u00f3n de los servicios, podr\u00e1 comunicar sus datos a aquellas empresas de transporte que se encarguen de la entrega de los productos adquiridos a trav\u00e9s de la tienda online.<\/span><\/p>\n<p><span style=\"font-weight: 400;\">Adicionalmente le informamos que determinados datos, en virtud con la normativa vigente o de la relaci\u00f3n contractual que mantenga APOWI COMPLEMENTOS, S.L., podr\u00e1n ser comunicados a:<\/span><\/p>\n<p><span style=\"font-weight: 400;\">&#8211; Los bancos y entidades financieras para el cobro de los servicios contratados y\/o productos comprados.<\/span><\/p>\n<p><span style=\"font-weight: 400;\">&#8211; Administraciones p\u00fablicas con competencia en los sectores de actividad de APOWI COMPLEMENTOS, S.L., cuando as\u00ed lo establezca la normativa vigente.<\/span><\/p>\n<p>\u00a0<\/p>\n<p><b>\u00bfSe efect\u00faan transferencias internacionales de los datos?<\/b><span style=\"font-weight: 400;\">\u00a0<\/span><\/p>\n<p><span style=\"font-weight: 400;\">APOWI COMPLEMENTOS, S.L. no realiza transferencias internacionales a ning\u00fan pa\u00eds fuera del Espacio Econ\u00f3mico Europeo (EEE).<\/span><\/p>\n<p>\u00a0<\/p>\n<p><b>\u00bfCu\u00e1les son sus derechos cuando nos facilita sus datos?<\/b><\/p>\n<p><span style=\"font-weight: 400;\">Los derechos de protecci\u00f3n de datos que podr\u00e1n ejercer los interesados, cuando procedan, son:<\/span><\/p>\n<p><span style=\"font-weight: 400;\">&#8211; Derecho a solicitar el acceso a los datos personales relativos al interesado.<\/span><\/p>\n<p><span style=\"font-weight: 400;\">&#8211; Derecho de rectificaci\u00f3n o supresi\u00f3n.<\/span><\/p>\n<p><span style=\"font-weight: 400;\">&#8211; Derecho de oposici\u00f3n.<\/span><\/p>\n<p><span style=\"font-weight: 400;\">&#8211; Derecho a solicitar la limitaci\u00f3n de su tratamiento.<\/span><\/p>\n<p><span style=\"font-weight: 400;\">&#8211; Derecho a la portabilidad de los datos.<\/span><\/p>\n<p><span style=\"font-weight: 400;\">&#8211; Derecho a no ser objeto de decisiones basadas \u00fanicamente en el tratamiento automatizado de datos.<\/span><\/p>\n<p><span style=\"font-weight: 400;\">Los titulares de los datos personales obtenidos, podr\u00e1n ejercer sus derechos de protecci\u00f3n de datos personales dirigiendo una comunicaci\u00f3n por escrito al domicilio social de APOWI COMPLEMENTOS, S.L. o al correo electr\u00f3nico habilitado a tal efecto, rincondepo@rincondepo.com.<\/span><\/p>\n<p><span style=\"font-weight: 400;\">Modelos, formularios y m\u00e1s informaci\u00f3n disponible sobre sus derechos en la p\u00e1gina web de la autoridad de control nacional, Agencia Espa\u00f1ola de Protecci\u00f3n de Datos, en adelante, AEPD, www.aepd.es\u00a0\u00a0<\/span><\/p>\n<p>\u00a0<\/p>\n<p><b>\u00bfPuedo retirar el consentimiento?<\/b><\/p>\n<p><span style=\"font-weight: 400;\">Usted tiene la posibilidad y el derecho a retirar el consentimiento para cualquiera finalidad espec\u00edfica otorgada en su momento, sin que ello afecte a la licitud del tratamiento basado en el consentimiento previo a su retirada.<\/span><\/p>\n<p>\u00a0<\/p>\n<p><b>\u00bfD\u00f3nde puedo reclamar en caso de que considere que no se tratan mis datos correctamente?<\/b><\/p>\n<p><span style=\"font-weight: 400;\">Si alg\u00fan interesado considera que sus datos no son tratados correctamente por APOWI COMPLEMENTOS, S.L. o que las solicitudes de ejercicio de derechos no han sido atendidas de forma satisfactoria, puede interponer una reclamaci\u00f3n ante a la autoridad de protecci\u00f3n de datos que corresponda, siendo la AEPD la indicada en el territorio nacional, www.aepd.es.\u00a0<\/span><\/p>\n<p><span style=\"font-weight: 400;\">Seguridad y actualizaci\u00f3n de sus datos personales<\/span><\/p>\n<p><span style=\"font-weight: 400;\">Con el objetivo de salvaguardar la seguridad de sus datos personales, le informamos que ha adoptado todas las medidas de \u00edndole t\u00e9cnica y organizativa necesarias para garantizar la seguridad de los datos personales suministrados. Todo ello para evitar su alteraci\u00f3n, p\u00e9rdida, y\/o tratamientos o accesos no autorizados, tal como exige la normativa, si bien la seguridad absoluta no existe.\u00a0<\/span><\/p>\n<p><span style=\"font-weight: 400;\">Es importante que, para que podamos mantener sus datos personales actualizados, nos informe siempre que se produzca una modificaci\u00f3n de los mismos.\u00a0<\/span><\/p>\n<p>\u00a0<\/p>\n<p><strong>Confidencialidad<\/strong><\/p>\n<p><span style=\"font-weight: 400;\">APOWI COMPLEMENTOS, S.L. le informa que sus datos ser\u00e1n tratados con el m\u00e1ximo celo y confidencialidad por todo el personal que intervenga en cualquiera de las fases del tratamiento. No cederemos ni comunicaremos a ning\u00fan tercero sus datos, excepto en los casos legalmente previstos, o salvo que el interesado nos hubiera autorizado expresamente.<\/span><\/p>\n<p><!-- \/wp:paragraph --><\/p>\t\t\t\t\t\t<\/div>\n\t\t\t\t<\/div>\n\t\t\t\t\t<\/div>\r\n\t\t\t\t<\/div>\r\n\t\t\t\t\t<\/div>\r\n\t\t\t\t<\/section>\r\n\t\t\t\t\t\t\t<\/div>\n\t\t","protected":false},"excerpt":{"rendered":"<p>Pol\u00edtica de Privacidad Siguiendo los principios de licitud, lealtad y transparencia, ponemos a su disposici\u00f3n la presente Pol\u00edtica de Privacidad. \u00bfQui\u00e9n es el Responsable del tratamiento de sus datos? https:\/\/rincondepo.com, en adelante esta WEB, o este sitio WEB, es propiedad y est\u00e1 gestionado por APOWI COMPLEMENTOS, S.L., en adelante RINCON DE PO &amp; SOHO, con [&hellip;]<\/p>\n","protected":false},"author":2,"featured_media":0,"parent":0,"menu_order":0,"comment_status":"closed","ping_status":"closed","template":"","meta":{"_joinchat":[]},"yoast_head":"<!-- This site is optimized with the Yoast SEO plugin v20.10 - https:\/\/yoast.com\/wordpress\/plugins\/seo\/ -->\n<title>Pol\u00edtica de Privacidad - Tienda Online<\/title>\n<meta name=\"robots\" content=\"index, follow, max-snippet:-1, max-image-preview:large, max-video-preview:-1\" \/>\n<link rel=\"canonical\" href=\"https:\/\/www.rincondepo.com\/index.php\/politica-de-privacidad\/\" \/>\n<meta property=\"og:locale\" content=\"es_ES\" \/>\n<meta property=\"og:type\" content=\"article\" \/>\n<meta property=\"og:title\" content=\"Pol\u00edtica de Privacidad - Tienda Online\" \/>\n<meta property=\"og:description\" content=\"Pol\u00edtica de Privacidad Siguiendo los principios de licitud, lealtad y transparencia, ponemos a su disposici\u00f3n la presente Pol\u00edtica de Privacidad. \u00bfQui\u00e9n es el Responsable del tratamiento de sus datos? https:\/\/rincondepo.com, en adelante esta WEB, o este sitio WEB, es propiedad y est\u00e1 gestionado por APOWI COMPLEMENTOS, S.L., en adelante RINCON DE PO &amp; SOHO, con [&hellip;]\" \/>\n<meta property=\"og:url\" content=\"https:\/\/www.rincondepo.com\/index.php\/politica-de-privacidad\/\" \/>\n<meta property=\"og:site_name\" content=\"Tienda Online\" \/>\n<meta property=\"article:modified_time\" content=\"2023-04-06T09:43:01+00:00\" \/>\n<meta name=\"twitter:card\" content=\"summary_large_image\" \/>\n<meta name=\"twitter:label1\" content=\"Tiempo de lectura\" \/>\n\t<meta name=\"twitter:data1\" content=\"5 minutos\" \/>\n<script type=\"application\/ld+json\" class=\"yoast-schema-graph\">{\"@context\":\"https:\/\/schema.org\",\"@graph\":[{\"@type\":\"WebPage\",\"@id\":\"https:\/\/www.rincondepo.com\/index.php\/politica-de-privacidad\/\",\"url\":\"https:\/\/www.rincondepo.com\/index.php\/politica-de-privacidad\/\",\"name\":\"Pol\u00edtica de Privacidad - Tienda Online\",\"isPartOf\":{\"@id\":\"https:\/\/www.rincondepo.com\/#website\"},\"datePublished\":\"2023-04-06T09:33:20+00:00\",\"dateModified\":\"2023-04-06T09:43:01+00:00\",\"breadcrumb\":{\"@id\":\"https:\/\/www.rincondepo.com\/index.php\/politica-de-privacidad\/#breadcrumb\"},\"inLanguage\":\"es\",\"potentialAction\":[{\"@type\":\"ReadAction\",\"target\":[\"https:\/\/www.rincondepo.com\/index.php\/politica-de-privacidad\/\"]}]},{\"@type\":\"BreadcrumbList\",\"@id\":\"https:\/\/www.rincondepo.com\/index.php\/politica-de-privacidad\/#breadcrumb\",\"itemListElement\":[{\"@type\":\"ListItem\",\"position\":1,\"name\":\"Portada\",\"item\":\"https:\/\/www.rincondepo.com\/\"},{\"@type\":\"ListItem\",\"position\":2,\"name\":\"Pol\u00edtica de Privacidad\"}]},{\"@type\":\"WebSite\",\"@id\":\"https:\/\/www.rincondepo.com\/#website\",\"url\":\"https:\/\/www.rincondepo.com\/\",\"name\":\"Tienda Online\",\"description\":\"Tu tienda de confianza\",\"potentialAction\":[{\"@type\":\"SearchAction\",\"target\":{\"@type\":\"EntryPoint\",\"urlTemplate\":\"https:\/\/www.rincondepo.com\/?s={search_term_string}\"},\"query-input\":\"required name=search_term_string\"}],\"inLanguage\":\"es\"}]}<\/script>\n<!-- \/ Yoast SEO plugin. -->","yoast_head_json":{"title":"Pol\u00edtica de Privacidad - Tienda Online","robots":{"index":"index","follow":"follow","max-snippet":"max-snippet:-1","max-image-preview":"max-image-preview:large","max-video-preview":"max-video-preview:-1"},"canonical":"https:\/\/www.rincondepo.com\/index.php\/politica-de-privacidad\/","og_locale":"es_ES","og_type":"article","og_title":"Pol\u00edtica de Privacidad - Tienda Online","og_description":"Pol\u00edtica de Privacidad Siguiendo los principios de licitud, lealtad y transparencia, ponemos a su disposici\u00f3n la presente Pol\u00edtica de Privacidad. \u00bfQui\u00e9n es el Responsable del tratamiento de sus datos? https:\/\/rincondepo.com, en adelante esta WEB, o este sitio WEB, es propiedad y est\u00e1 gestionado por APOWI COMPLEMENTOS, S.L., en adelante RINCON DE PO &amp; SOHO, con [&hellip;]","og_url":"https:\/\/www.rincondepo.com\/index.php\/politica-de-privacidad\/","og_site_name":"Tienda Online","article_modified_time":"2023-04-06T09:43:01+00:00","twitter_card":"summary_large_image","twitter_misc":{"Tiempo de lectura":"5 minutos"},"schema":{"@context":"https:\/\/schema.org","@graph":[{"@type":"WebPage","@id":"https:\/\/www.rincondepo.com\/index.php\/politica-de-privacidad\/","url":"https:\/\/www.rincondepo.com\/index.php\/politica-de-privacidad\/","name":"Pol\u00edtica de Privacidad - Tienda Online","isPartOf":{"@id":"https:\/\/www.rincondepo.com\/#website"},"datePublished":"2023-04-06T09:33:20+00:00","dateModified":"2023-04-06T09:43:01+00:00","breadcrumb":{"@id":"https:\/\/www.rincondepo.com\/index.php\/politica-de-privacidad\/#breadcrumb"},"inLanguage":"es","potentialAction":[{"@type":"ReadAction","target":["https:\/\/www.rincondepo.com\/index.php\/politica-de-privacidad\/"]}]},{"@type":"BreadcrumbList","@id":"https:\/\/www.rincondepo.com\/index.php\/politica-de-privacidad\/#breadcrumb","itemListElement":[{"@type":"ListItem","position":1,"name":"Portada","item":"https:\/\/www.rincondepo.com\/"},{"@type":"ListItem","position":2,"name":"Pol\u00edtica de Privacidad"}]},{"@type":"WebSite","@id":"https:\/\/www.rincondepo.com\/#website","url":"https:\/\/www.rincondepo.com\/","name":"Tienda Online","description":"Tu tienda de confianza","potentialAction":[{"@type":"SearchAction","target":{"@type":"EntryPoint","urlTemplate":"https:\/\/www.rincondepo.com\/?s={search_term_string}"},"query-input":"required name=search_term_string"}],"inLanguage":"es"}]}},"_links":{"self":[{"href":"https:\/\/www.rincondepo.com\/index.php\/wp-json\/wp\/v2\/pages\/3108"}],"collection":[{"href":"https:\/\/www.rincondepo.com\/index.php\/wp-json\/wp\/v2\/pages"}],"about":[{"href":"https:\/\/www.rincondepo.com\/index.php\/wp-json\/wp\/v2\/types\/page"}],"author":[{"embeddable":true,"href":"https:\/\/www.rincondepo.com\/index.php\/wp-json\/wp\/v2\/users\/2"}],"replies":[{"embeddable":true,"href":"https:\/\/www.rincondepo.com\/index.php\/wp-json\/wp\/v2\/comments?post=3108"}],"version-history":[{"count":4,"href":"https:\/\/www.rincondepo.com\/index.php\/wp-json\/wp\/v2\/pages\/3108\/revisions"}],"predecessor-version":[{"id":3113,"href":"https:\/\/www.rincondepo.com\/index.php\/wp-json\/wp\/v2\/pages\/3108\/revisions\/3113"}],"wp:attachment":[{"href":"https:\/\/www.rincondepo.com\/index.php\/wp-json\/wp\/v2\/media?parent=3108"}],"curies":[{"name":"wp","href":"https:\/\/api.w.org\/{rel}","templated":true}]}}