{"id":10862,"date":"2024-12-13T19:12:11","date_gmt":"2024-12-13T19:12:11","guid":{"rendered":"https:\/\/www.rincondepo.com\/?post_type=product&#038;p=10862"},"modified":"2025-08-20T15:57:33","modified_gmt":"2025-08-20T15:57:33","slug":"vestido-azul-coquette-fetiche-suances","status":"publish","type":"product","link":"https:\/\/www.rincondepo.com\/index.php\/product\/vestido-azul-coquette-fetiche-suances\/","title":{"rendered":"Vestido Coquette azul \u00b7 FETICHE SUANCES"},"content":{"rendered":"<p>Vestido Coquette azul FETICHE SUANCES. Pertenece a la temporada Oto\u00f1o Invierno 24\/25.<\/p>\n<p>Vestido el\u00e1stico corto zul con estampado de rosas rosadas, dise\u00f1ado con un estilo rom\u00e1ntico y elegante.<\/p>\n<p>Con mangas largas ajustadas.<\/p>\n<p>Volantes en los pu\u00f1os, lo que le otorga un toque sofisticado.<\/p>\n<p>El detalle de fruncido en la parte delantera y los lazos en el escote y la parte del cuerpo a\u00f1aden un estilo femenino y ajustado al cuerpo.<\/p>\n<p>La falda con volantes en el borde inferior complementa el dise\u00f1o.<\/p>\n<p>Lavar a mano por separado con jab\u00f3n neutro.<\/p>\n<p>Composici\u00f3n: 92% Poli\u00e9ster y 8% Elastano.<\/p>\n<p>Por \u00faltimo, combina con botas altas de tac\u00f3n, al igual que con planas haci\u00e9ndolo perfecto para ocasiones especiales o salidas nocturnas.<\/p>\n<p>&nbsp;<\/p>\n","protected":false},"excerpt":{"rendered":"<p>Vestido Coquette azul FETICHE SUANCES.<\/p>\n<p>Pertenece a la temporada Oto\u00f1o Invierno 24\/25.<\/p>\n","protected":false},"featured_media":10865,"template":"","meta":{"_joinchat":[]},"product_cat":[203,89,112],"product_tag":[206,270,269,205],"yoast_head":"<!-- This site is optimized with the Yoast SEO plugin v20.10 - https:\/\/yoast.com\/wordpress\/plugins\/seo\/ -->\n<title>Vestido Coquette azul \u00b7 FETICHE SUANCES - Tienda Online<\/title>\n<meta name=\"description\" content=\"Vestido Coquette azul de la marca FETICHE SUANCES. Disponible en Rinc\u00f3n &amp; Soho by Po. Env\u00edo en 48\/72h y env\u00edo GRATIS en compras superiores a 100\u20ac.\" \/>\n<meta name=\"robots\" content=\"index, follow, max-snippet:-1, max-image-preview:large, max-video-preview:-1\" \/>\n<link rel=\"canonical\" href=\"https:\/\/www.rincondepo.com\/index.php\/product\/vestido-azul-coquette-fetiche-suances\/\" \/>\n<meta property=\"og:locale\" content=\"es_ES\" \/>\n<meta property=\"og:type\" content=\"article\" \/>\n<meta property=\"og:title\" content=\"Vestido Coquette azul \u00b7 FETICHE SUANCES - Tienda Online\" \/>\n<meta property=\"og:description\" content=\"Vestido Coquette azul de la marca FETICHE SUANCES. Disponible en Rinc\u00f3n &amp; Soho by Po. Env\u00edo en 48\/72h y env\u00edo GRATIS en compras superiores a 100\u20ac.\" \/>\n<meta property=\"og:url\" content=\"https:\/\/www.rincondepo.com\/index.php\/product\/vestido-azul-coquette-fetiche-suances\/\" \/>\n<meta property=\"og:site_name\" content=\"Tienda Online\" \/>\n<meta property=\"article:modified_time\" content=\"2025-08-20T15:57:33+00:00\" \/>\n<meta property=\"og:image\" content=\"https:\/\/www.rincondepo.com\/wp-content\/uploads\/2024\/12\/VESTIDO-COQUETTE-BLUE-DRESS-1.png\" \/>\n\t<meta property=\"og:image:width\" content=\"444\" \/>\n\t<meta property=\"og:image:height\" content=\"635\" \/>\n\t<meta property=\"og:image:type\" content=\"image\/png\" \/>\n<meta name=\"twitter:card\" content=\"summary_large_image\" \/>\n<meta name=\"twitter:label1\" content=\"Tiempo de lectura\" \/>\n\t<meta name=\"twitter:data1\" content=\"1 minuto\" \/>\n<script type=\"application\/ld+json\" class=\"yoast-schema-graph\">{\"@context\":\"https:\/\/schema.org\",\"@graph\":[{\"@type\":\"WebPage\",\"@id\":\"https:\/\/www.rincondepo.com\/index.php\/product\/vestido-azul-coquette-fetiche-suances\/\",\"url\":\"https:\/\/www.rincondepo.com\/index.php\/product\/vestido-azul-coquette-fetiche-suances\/\",\"name\":\"Vestido Coquette azul \u00b7 FETICHE SUANCES - Tienda Online\",\"isPartOf\":{\"@id\":\"https:\/\/www.rincondepo.com\/#website\"},\"datePublished\":\"2024-12-13T19:12:11+00:00\",\"dateModified\":\"2025-08-20T15:57:33+00:00\",\"description\":\"Vestido Coquette azul de la marca FETICHE SUANCES. Disponible en Rinc\u00f3n & Soho by Po. Env\u00edo en 48\/72h y env\u00edo GRATIS en compras superiores a 100\u20ac.\",\"breadcrumb\":{\"@id\":\"https:\/\/www.rincondepo.com\/index.php\/product\/vestido-azul-coquette-fetiche-suances\/#breadcrumb\"},\"inLanguage\":\"es\",\"potentialAction\":[{\"@type\":\"ReadAction\",\"target\":[\"https:\/\/www.rincondepo.com\/index.php\/product\/vestido-azul-coquette-fetiche-suances\/\"]}]},{\"@type\":\"BreadcrumbList\",\"@id\":\"https:\/\/www.rincondepo.com\/index.php\/product\/vestido-azul-coquette-fetiche-suances\/#breadcrumb\",\"itemListElement\":[{\"@type\":\"ListItem\",\"position\":1,\"name\":\"Portada\",\"item\":\"https:\/\/www.rincondepo.com\/\"},{\"@type\":\"ListItem\",\"position\":2,\"name\":\"Tienda\",\"item\":\"https:\/\/www.rincondepo.com\/index.php\/shop\/\"},{\"@type\":\"ListItem\",\"position\":3,\"name\":\"Vestido Coquette azul \u00b7 FETICHE SUANCES\"}]},{\"@type\":\"WebSite\",\"@id\":\"https:\/\/www.rincondepo.com\/#website\",\"url\":\"https:\/\/www.rincondepo.com\/\",\"name\":\"Tienda Online\",\"description\":\"Tu tienda de confianza\",\"potentialAction\":[{\"@type\":\"SearchAction\",\"target\":{\"@type\":\"EntryPoint\",\"urlTemplate\":\"https:\/\/www.rincondepo.com\/?s={search_term_string}\"},\"query-input\":\"required name=search_term_string\"}],\"inLanguage\":\"es\"}]}<\/script>\n<!-- \/ Yoast SEO plugin. -->","yoast_head_json":{"title":"Vestido Coquette azul \u00b7 FETICHE SUANCES - Tienda Online","description":"Vestido Coquette azul de la marca FETICHE SUANCES. Disponible en Rinc\u00f3n & Soho by Po. Env\u00edo en 48\/72h y env\u00edo GRATIS en compras superiores a 100\u20ac.","robots":{"index":"index","follow":"follow","max-snippet":"max-snippet:-1","max-image-preview":"max-image-preview:large","max-video-preview":"max-video-preview:-1"},"canonical":"https:\/\/www.rincondepo.com\/index.php\/product\/vestido-azul-coquette-fetiche-suances\/","og_locale":"es_ES","og_type":"article","og_title":"Vestido Coquette azul \u00b7 FETICHE SUANCES - Tienda Online","og_description":"Vestido Coquette azul de la marca FETICHE SUANCES. Disponible en Rinc\u00f3n & Soho by Po. Env\u00edo en 48\/72h y env\u00edo GRATIS en compras superiores a 100\u20ac.","og_url":"https:\/\/www.rincondepo.com\/index.php\/product\/vestido-azul-coquette-fetiche-suances\/","og_site_name":"Tienda Online","article_modified_time":"2025-08-20T15:57:33+00:00","og_image":[{"width":444,"height":635,"url":"https:\/\/www.rincondepo.com\/wp-content\/uploads\/2024\/12\/VESTIDO-COQUETTE-BLUE-DRESS-1.png","type":"image\/png"}],"twitter_card":"summary_large_image","twitter_misc":{"Tiempo de lectura":"1 minuto"},"schema":{"@context":"https:\/\/schema.org","@graph":[{"@type":"WebPage","@id":"https:\/\/www.rincondepo.com\/index.php\/product\/vestido-azul-coquette-fetiche-suances\/","url":"https:\/\/www.rincondepo.com\/index.php\/product\/vestido-azul-coquette-fetiche-suances\/","name":"Vestido Coquette azul \u00b7 FETICHE SUANCES - Tienda Online","isPartOf":{"@id":"https:\/\/www.rincondepo.com\/#website"},"datePublished":"2024-12-13T19:12:11+00:00","dateModified":"2025-08-20T15:57:33+00:00","description":"Vestido Coquette azul de la marca FETICHE SUANCES. Disponible en Rinc\u00f3n & Soho by Po. Env\u00edo en 48\/72h y env\u00edo GRATIS en compras superiores a 100\u20ac.","breadcrumb":{"@id":"https:\/\/www.rincondepo.com\/index.php\/product\/vestido-azul-coquette-fetiche-suances\/#breadcrumb"},"inLanguage":"es","potentialAction":[{"@type":"ReadAction","target":["https:\/\/www.rincondepo.com\/index.php\/product\/vestido-azul-coquette-fetiche-suances\/"]}]},{"@type":"BreadcrumbList","@id":"https:\/\/www.rincondepo.com\/index.php\/product\/vestido-azul-coquette-fetiche-suances\/#breadcrumb","itemListElement":[{"@type":"ListItem","position":1,"name":"Portada","item":"https:\/\/www.rincondepo.com\/"},{"@type":"ListItem","position":2,"name":"Tienda","item":"https:\/\/www.rincondepo.com\/index.php\/shop\/"},{"@type":"ListItem","position":3,"name":"Vestido Coquette azul \u00b7 FETICHE SUANCES"}]},{"@type":"WebSite","@id":"https:\/\/www.rincondepo.com\/#website","url":"https:\/\/www.rincondepo.com\/","name":"Tienda Online","description":"Tu tienda de confianza","potentialAction":[{"@type":"SearchAction","target":{"@type":"EntryPoint","urlTemplate":"https:\/\/www.rincondepo.com\/?s={search_term_string}"},"query-input":"required name=search_term_string"}],"inLanguage":"es"}]}},"_links":{"self":[{"href":"https:\/\/www.rincondepo.com\/index.php\/wp-json\/wp\/v2\/product\/10862"}],"collection":[{"href":"https:\/\/www.rincondepo.com\/index.php\/wp-json\/wp\/v2\/product"}],"about":[{"href":"https:\/\/www.rincondepo.com\/index.php\/wp-json\/wp\/v2\/types\/product"}],"wp:featuredmedia":[{"embeddable":true,"href":"https:\/\/www.rincondepo.com\/index.php\/wp-json\/wp\/v2\/media\/10865"}],"wp:attachment":[{"href":"https:\/\/www.rincondepo.com\/index.php\/wp-json\/wp\/v2\/media?parent=10862"}],"wp:term":[{"taxonomy":"product_cat","embeddable":true,"href":"https:\/\/www.rincondepo.com\/index.php\/wp-json\/wp\/v2\/product_cat?post=10862"},{"taxonomy":"product_tag","embeddable":true,"href":"https:\/\/www.rincondepo.com\/index.php\/wp-json\/wp\/v2\/product_tag?post=10862"}],"curies":[{"name":"wp","href":"https:\/\/api.w.org\/{rel}","templated":true}]}}