{"id":12548,"date":"2025-03-13T18:00:54","date_gmt":"2025-03-13T18:00:54","guid":{"rendered":"https:\/\/www.rincondepo.com\/?post_type=product&#038;p=12548"},"modified":"2026-01-09T17:10:55","modified_gmt":"2026-01-09T17:10:55","slug":"deportivas-pulsar-man-20-munich","status":"publish","type":"product","link":"https:\/\/www.rincondepo.com\/index.php\/product\/deportivas-pulsar-man-20-munich\/","title":{"rendered":"Deportivas Pulsar Man 20 \u00b7 MUNICH"},"content":{"rendered":"<p>Deportivas\u00a0 Pulsar Man 20 MUNICH. Pertenece a la temporada Primavera Verano 2025.<\/p>\n<p>Con las PULSAR sentir\u00e1s el latido de cada pisada.<\/p>\n<p>Su estilo retro-deportivo y su suela con tac\u00f3n elevado har\u00e1n que s\u00f3lo podr\u00e1s mirar hacia adelante.<\/p>\n<p>Este dise\u00f1o tiene la capacidad de acaparar todas las miradas.<\/p>\n<p>En colores azul, negro, gris y vivos en amarillo.<\/p>\n<p>Cierre de cordones.<\/p>\n<p>Pieza de goma en el tal\u00f3n amarilla.<\/p>\n<p>Por \u00faltimo combia con vaqueros y camiseta amarilla.<\/p>\n","protected":false},"excerpt":{"rendered":"<p>Deportivas\u00a0 Pulsar Man 20 MUNICH.<\/p>\n<p>Pertenece a la temporada Primavera Verano 2025.<\/p>\n","protected":false},"featured_media":12553,"template":"","meta":{"_joinchat":[]},"product_cat":[202,108],"product_tag":[503,242,243,446],"yoast_head":"<!-- This site is optimized with the Yoast SEO plugin v20.10 - https:\/\/yoast.com\/wordpress\/plugins\/seo\/ -->\n<title>Deportivas Pulsar Man 20 \u00b7 MUNICH - Tienda Online<\/title>\n<meta name=\"description\" content=\"Deportivas Pulsar Man 20 de la marca MUNICH. Disponible en Rinc\u00f3n &amp; Terrier by p\u00f3. Env\u00edo en 48\/72h GRATIS en todas las compras.\" \/>\n<meta name=\"robots\" content=\"index, follow, max-snippet:-1, max-image-preview:large, max-video-preview:-1\" \/>\n<link rel=\"canonical\" href=\"https:\/\/www.rincondepo.com\/index.php\/product\/deportivas-pulsar-man-20-munich\/\" \/>\n<meta property=\"og:locale\" content=\"es_ES\" \/>\n<meta property=\"og:type\" content=\"article\" \/>\n<meta property=\"og:title\" content=\"Deportivas Pulsar Man 20 \u00b7 MUNICH - Tienda Online\" \/>\n<meta property=\"og:description\" content=\"Deportivas Pulsar Man 20 de la marca MUNICH. Disponible en Rinc\u00f3n &amp; Terrier by p\u00f3. Env\u00edo en 48\/72h GRATIS en todas las compras.\" \/>\n<meta property=\"og:url\" content=\"https:\/\/www.rincondepo.com\/index.php\/product\/deportivas-pulsar-man-20-munich\/\" \/>\n<meta property=\"og:site_name\" content=\"Tienda Online\" \/>\n<meta property=\"article:modified_time\" content=\"2026-01-09T17:10:55+00:00\" \/>\n<meta property=\"og:image\" content=\"https:\/\/www.rincondepo.com\/wp-content\/uploads\/2025\/02\/Diseno-sin-titulo-71.png\" \/>\n\t<meta property=\"og:image:width\" content=\"600\" \/>\n\t<meta property=\"og:image:height\" content=\"800\" \/>\n\t<meta property=\"og:image:type\" content=\"image\/png\" \/>\n<meta name=\"twitter:card\" content=\"summary_large_image\" \/>\n<meta name=\"twitter:label1\" content=\"Tiempo de lectura\" \/>\n\t<meta name=\"twitter:data1\" content=\"1 minuto\" \/>\n<script type=\"application\/ld+json\" class=\"yoast-schema-graph\">{\"@context\":\"https:\/\/schema.org\",\"@graph\":[{\"@type\":\"WebPage\",\"@id\":\"https:\/\/www.rincondepo.com\/index.php\/product\/deportivas-pulsar-man-20-munich\/\",\"url\":\"https:\/\/www.rincondepo.com\/index.php\/product\/deportivas-pulsar-man-20-munich\/\",\"name\":\"Deportivas Pulsar Man 20 \u00b7 MUNICH - Tienda Online\",\"isPartOf\":{\"@id\":\"https:\/\/www.rincondepo.com\/#website\"},\"datePublished\":\"2025-03-13T18:00:54+00:00\",\"dateModified\":\"2026-01-09T17:10:55+00:00\",\"description\":\"Deportivas Pulsar Man 20 de la marca MUNICH. Disponible en Rinc\u00f3n & Terrier by p\u00f3. Env\u00edo en 48\/72h GRATIS en todas las compras.\",\"breadcrumb\":{\"@id\":\"https:\/\/www.rincondepo.com\/index.php\/product\/deportivas-pulsar-man-20-munich\/#breadcrumb\"},\"inLanguage\":\"es\",\"potentialAction\":[{\"@type\":\"ReadAction\",\"target\":[\"https:\/\/www.rincondepo.com\/index.php\/product\/deportivas-pulsar-man-20-munich\/\"]}]},{\"@type\":\"BreadcrumbList\",\"@id\":\"https:\/\/www.rincondepo.com\/index.php\/product\/deportivas-pulsar-man-20-munich\/#breadcrumb\",\"itemListElement\":[{\"@type\":\"ListItem\",\"position\":1,\"name\":\"Portada\",\"item\":\"https:\/\/www.rincondepo.com\/\"},{\"@type\":\"ListItem\",\"position\":2,\"name\":\"Tienda\",\"item\":\"https:\/\/www.rincondepo.com\/index.php\/shop\/\"},{\"@type\":\"ListItem\",\"position\":3,\"name\":\"Deportivas Pulsar Man 20 \u00b7 MUNICH\"}]},{\"@type\":\"WebSite\",\"@id\":\"https:\/\/www.rincondepo.com\/#website\",\"url\":\"https:\/\/www.rincondepo.com\/\",\"name\":\"Tienda Online\",\"description\":\"Tu tienda de confianza\",\"potentialAction\":[{\"@type\":\"SearchAction\",\"target\":{\"@type\":\"EntryPoint\",\"urlTemplate\":\"https:\/\/www.rincondepo.com\/?s={search_term_string}\"},\"query-input\":\"required name=search_term_string\"}],\"inLanguage\":\"es\"}]}<\/script>\n<!-- \/ Yoast SEO plugin. -->","yoast_head_json":{"title":"Deportivas Pulsar Man 20 \u00b7 MUNICH - Tienda Online","description":"Deportivas Pulsar Man 20 de la marca MUNICH. Disponible en Rinc\u00f3n & Terrier by p\u00f3. Env\u00edo en 48\/72h GRATIS en todas las compras.","robots":{"index":"index","follow":"follow","max-snippet":"max-snippet:-1","max-image-preview":"max-image-preview:large","max-video-preview":"max-video-preview:-1"},"canonical":"https:\/\/www.rincondepo.com\/index.php\/product\/deportivas-pulsar-man-20-munich\/","og_locale":"es_ES","og_type":"article","og_title":"Deportivas Pulsar Man 20 \u00b7 MUNICH - Tienda Online","og_description":"Deportivas Pulsar Man 20 de la marca MUNICH. Disponible en Rinc\u00f3n & Terrier by p\u00f3. Env\u00edo en 48\/72h GRATIS en todas las compras.","og_url":"https:\/\/www.rincondepo.com\/index.php\/product\/deportivas-pulsar-man-20-munich\/","og_site_name":"Tienda Online","article_modified_time":"2026-01-09T17:10:55+00:00","og_image":[{"width":600,"height":800,"url":"https:\/\/www.rincondepo.com\/wp-content\/uploads\/2025\/02\/Diseno-sin-titulo-71.png","type":"image\/png"}],"twitter_card":"summary_large_image","twitter_misc":{"Tiempo de lectura":"1 minuto"},"schema":{"@context":"https:\/\/schema.org","@graph":[{"@type":"WebPage","@id":"https:\/\/www.rincondepo.com\/index.php\/product\/deportivas-pulsar-man-20-munich\/","url":"https:\/\/www.rincondepo.com\/index.php\/product\/deportivas-pulsar-man-20-munich\/","name":"Deportivas Pulsar Man 20 \u00b7 MUNICH - Tienda Online","isPartOf":{"@id":"https:\/\/www.rincondepo.com\/#website"},"datePublished":"2025-03-13T18:00:54+00:00","dateModified":"2026-01-09T17:10:55+00:00","description":"Deportivas Pulsar Man 20 de la marca MUNICH. Disponible en Rinc\u00f3n & Terrier by p\u00f3. Env\u00edo en 48\/72h GRATIS en todas las compras.","breadcrumb":{"@id":"https:\/\/www.rincondepo.com\/index.php\/product\/deportivas-pulsar-man-20-munich\/#breadcrumb"},"inLanguage":"es","potentialAction":[{"@type":"ReadAction","target":["https:\/\/www.rincondepo.com\/index.php\/product\/deportivas-pulsar-man-20-munich\/"]}]},{"@type":"BreadcrumbList","@id":"https:\/\/www.rincondepo.com\/index.php\/product\/deportivas-pulsar-man-20-munich\/#breadcrumb","itemListElement":[{"@type":"ListItem","position":1,"name":"Portada","item":"https:\/\/www.rincondepo.com\/"},{"@type":"ListItem","position":2,"name":"Tienda","item":"https:\/\/www.rincondepo.com\/index.php\/shop\/"},{"@type":"ListItem","position":3,"name":"Deportivas Pulsar Man 20 \u00b7 MUNICH"}]},{"@type":"WebSite","@id":"https:\/\/www.rincondepo.com\/#website","url":"https:\/\/www.rincondepo.com\/","name":"Tienda Online","description":"Tu tienda de confianza","potentialAction":[{"@type":"SearchAction","target":{"@type":"EntryPoint","urlTemplate":"https:\/\/www.rincondepo.com\/?s={search_term_string}"},"query-input":"required name=search_term_string"}],"inLanguage":"es"}]}},"_links":{"self":[{"href":"https:\/\/www.rincondepo.com\/index.php\/wp-json\/wp\/v2\/product\/12548"}],"collection":[{"href":"https:\/\/www.rincondepo.com\/index.php\/wp-json\/wp\/v2\/product"}],"about":[{"href":"https:\/\/www.rincondepo.com\/index.php\/wp-json\/wp\/v2\/types\/product"}],"wp:featuredmedia":[{"embeddable":true,"href":"https:\/\/www.rincondepo.com\/index.php\/wp-json\/wp\/v2\/media\/12553"}],"wp:attachment":[{"href":"https:\/\/www.rincondepo.com\/index.php\/wp-json\/wp\/v2\/media?parent=12548"}],"wp:term":[{"taxonomy":"product_cat","embeddable":true,"href":"https:\/\/www.rincondepo.com\/index.php\/wp-json\/wp\/v2\/product_cat?post=12548"},{"taxonomy":"product_tag","embeddable":true,"href":"https:\/\/www.rincondepo.com\/index.php\/wp-json\/wp\/v2\/product_tag?post=12548"}],"curies":[{"name":"wp","href":"https:\/\/api.w.org\/{rel}","templated":true}]}}