{"id":13769,"date":"2025-04-30T17:17:57","date_gmt":"2025-04-30T17:17:57","guid":{"rendered":"https:\/\/www.rincondepo.com\/?post_type=product&#038;p=13769"},"modified":"2025-07-24T17:16:55","modified_gmt":"2025-07-24T17:16:55","slug":"sudadera-cuello-redondo-blanca-lyle-scott","status":"publish","type":"product","link":"https:\/\/www.rincondepo.com\/index.php\/product\/sudadera-cuello-redondo-blanca-lyle-scott\/","title":{"rendered":"Sudadera cuello redondo blanca \u00b7 LYLE SCOTT"},"content":{"rendered":"<p>Sudadera cuello redondo blanca LYLE SCOTT. Pertenece a la temporada Primavera Verano 2025.<\/p>\n<p>Detalle de punto triangular de inspiraci\u00f3n retro en el cuello.<\/p>\n<p>Cuello redondo.<\/p>\n<p>Mangas largas.<\/p>\n<p>Composici\u00f3n: 100% Algod\u00f3n.<\/p>\n<p>Por \u00faltimo, combina con un estilo urbano y sofisticado.<\/p>\n","protected":false},"excerpt":{"rendered":"<p>Sudadera cuello redondo blanca LYLE SCOTT.<\/p>\n<p>Pertenece a la temporada Primavera Verano 2025.<\/p>\n","protected":false},"featured_media":13772,"template":"","meta":{"_joinchat":[]},"product_cat":[202,88,92],"product_tag":[503,430,249],"yoast_head":"<!-- This site is optimized with the Yoast SEO plugin v20.10 - https:\/\/yoast.com\/wordpress\/plugins\/seo\/ -->\n<title>Sudadera cuello redondo blanca \u00b7 LYLE SCOTT - Tienda Online<\/title>\n<meta name=\"description\" content=\"Sudadera cuello redondo blanca de la marca LYLE SCOTT . Disponible en Rinc\u00f3n &amp; Terrier by p\u00f3. Env\u00edo en 48\/72h GRATIS en todas las compras.\" \/>\n<meta name=\"robots\" content=\"index, follow, max-snippet:-1, max-image-preview:large, max-video-preview:-1\" \/>\n<link rel=\"canonical\" href=\"https:\/\/www.rincondepo.com\/index.php\/product\/sudadera-cuello-redondo-blanca-lyle-scott\/\" \/>\n<meta property=\"og:locale\" content=\"es_ES\" \/>\n<meta property=\"og:type\" content=\"article\" \/>\n<meta property=\"og:title\" content=\"Sudadera cuello redondo blanca \u00b7 LYLE SCOTT - Tienda Online\" \/>\n<meta property=\"og:description\" content=\"Sudadera cuello redondo blanca de la marca LYLE SCOTT . Disponible en Rinc\u00f3n &amp; Terrier by p\u00f3. Env\u00edo en 48\/72h GRATIS en todas las compras.\" \/>\n<meta property=\"og:url\" content=\"https:\/\/www.rincondepo.com\/index.php\/product\/sudadera-cuello-redondo-blanca-lyle-scott\/\" \/>\n<meta property=\"og:site_name\" content=\"Tienda Online\" \/>\n<meta property=\"article:modified_time\" content=\"2025-07-24T17:16:55+00:00\" \/>\n<meta property=\"og:image\" content=\"https:\/\/www.rincondepo.com\/wp-content\/uploads\/2025\/04\/SUDADERA-BLANCA-1.webp\" \/>\n\t<meta property=\"og:image:width\" content=\"1200\" \/>\n\t<meta property=\"og:image:height\" content=\"1500\" \/>\n\t<meta property=\"og:image:type\" content=\"image\/webp\" \/>\n<meta name=\"twitter:card\" content=\"summary_large_image\" \/>\n<meta name=\"twitter:label1\" content=\"Tiempo de lectura\" \/>\n\t<meta name=\"twitter:data1\" content=\"1 minuto\" \/>\n<script type=\"application\/ld+json\" class=\"yoast-schema-graph\">{\"@context\":\"https:\/\/schema.org\",\"@graph\":[{\"@type\":\"WebPage\",\"@id\":\"https:\/\/www.rincondepo.com\/index.php\/product\/sudadera-cuello-redondo-blanca-lyle-scott\/\",\"url\":\"https:\/\/www.rincondepo.com\/index.php\/product\/sudadera-cuello-redondo-blanca-lyle-scott\/\",\"name\":\"Sudadera cuello redondo blanca \u00b7 LYLE SCOTT - Tienda Online\",\"isPartOf\":{\"@id\":\"https:\/\/www.rincondepo.com\/#website\"},\"datePublished\":\"2025-04-30T17:17:57+00:00\",\"dateModified\":\"2025-07-24T17:16:55+00:00\",\"description\":\"Sudadera cuello redondo blanca de la marca LYLE SCOTT . Disponible en Rinc\u00f3n & Terrier by p\u00f3. Env\u00edo en 48\/72h GRATIS en todas las compras.\",\"breadcrumb\":{\"@id\":\"https:\/\/www.rincondepo.com\/index.php\/product\/sudadera-cuello-redondo-blanca-lyle-scott\/#breadcrumb\"},\"inLanguage\":\"es\",\"potentialAction\":[{\"@type\":\"ReadAction\",\"target\":[\"https:\/\/www.rincondepo.com\/index.php\/product\/sudadera-cuello-redondo-blanca-lyle-scott\/\"]}]},{\"@type\":\"BreadcrumbList\",\"@id\":\"https:\/\/www.rincondepo.com\/index.php\/product\/sudadera-cuello-redondo-blanca-lyle-scott\/#breadcrumb\",\"itemListElement\":[{\"@type\":\"ListItem\",\"position\":1,\"name\":\"Portada\",\"item\":\"https:\/\/www.rincondepo.com\/\"},{\"@type\":\"ListItem\",\"position\":2,\"name\":\"Tienda\",\"item\":\"https:\/\/www.rincondepo.com\/index.php\/shop\/\"},{\"@type\":\"ListItem\",\"position\":3,\"name\":\"Sudadera cuello redondo blanca \u00b7 LYLE SCOTT\"}]},{\"@type\":\"WebSite\",\"@id\":\"https:\/\/www.rincondepo.com\/#website\",\"url\":\"https:\/\/www.rincondepo.com\/\",\"name\":\"Tienda Online\",\"description\":\"Tu tienda de confianza\",\"potentialAction\":[{\"@type\":\"SearchAction\",\"target\":{\"@type\":\"EntryPoint\",\"urlTemplate\":\"https:\/\/www.rincondepo.com\/?s={search_term_string}\"},\"query-input\":\"required name=search_term_string\"}],\"inLanguage\":\"es\"}]}<\/script>\n<!-- \/ Yoast SEO plugin. -->","yoast_head_json":{"title":"Sudadera cuello redondo blanca \u00b7 LYLE SCOTT - Tienda Online","description":"Sudadera cuello redondo blanca de la marca LYLE SCOTT . Disponible en Rinc\u00f3n & Terrier by p\u00f3. Env\u00edo en 48\/72h GRATIS en todas las compras.","robots":{"index":"index","follow":"follow","max-snippet":"max-snippet:-1","max-image-preview":"max-image-preview:large","max-video-preview":"max-video-preview:-1"},"canonical":"https:\/\/www.rincondepo.com\/index.php\/product\/sudadera-cuello-redondo-blanca-lyle-scott\/","og_locale":"es_ES","og_type":"article","og_title":"Sudadera cuello redondo blanca \u00b7 LYLE SCOTT - Tienda Online","og_description":"Sudadera cuello redondo blanca de la marca LYLE SCOTT . Disponible en Rinc\u00f3n & Terrier by p\u00f3. Env\u00edo en 48\/72h GRATIS en todas las compras.","og_url":"https:\/\/www.rincondepo.com\/index.php\/product\/sudadera-cuello-redondo-blanca-lyle-scott\/","og_site_name":"Tienda Online","article_modified_time":"2025-07-24T17:16:55+00:00","og_image":[{"width":1200,"height":1500,"url":"https:\/\/www.rincondepo.com\/wp-content\/uploads\/2025\/04\/SUDADERA-BLANCA-1.webp","type":"image\/webp"}],"twitter_card":"summary_large_image","twitter_misc":{"Tiempo de lectura":"1 minuto"},"schema":{"@context":"https:\/\/schema.org","@graph":[{"@type":"WebPage","@id":"https:\/\/www.rincondepo.com\/index.php\/product\/sudadera-cuello-redondo-blanca-lyle-scott\/","url":"https:\/\/www.rincondepo.com\/index.php\/product\/sudadera-cuello-redondo-blanca-lyle-scott\/","name":"Sudadera cuello redondo blanca \u00b7 LYLE SCOTT - Tienda Online","isPartOf":{"@id":"https:\/\/www.rincondepo.com\/#website"},"datePublished":"2025-04-30T17:17:57+00:00","dateModified":"2025-07-24T17:16:55+00:00","description":"Sudadera cuello redondo blanca de la marca LYLE SCOTT . Disponible en Rinc\u00f3n & Terrier by p\u00f3. Env\u00edo en 48\/72h GRATIS en todas las compras.","breadcrumb":{"@id":"https:\/\/www.rincondepo.com\/index.php\/product\/sudadera-cuello-redondo-blanca-lyle-scott\/#breadcrumb"},"inLanguage":"es","potentialAction":[{"@type":"ReadAction","target":["https:\/\/www.rincondepo.com\/index.php\/product\/sudadera-cuello-redondo-blanca-lyle-scott\/"]}]},{"@type":"BreadcrumbList","@id":"https:\/\/www.rincondepo.com\/index.php\/product\/sudadera-cuello-redondo-blanca-lyle-scott\/#breadcrumb","itemListElement":[{"@type":"ListItem","position":1,"name":"Portada","item":"https:\/\/www.rincondepo.com\/"},{"@type":"ListItem","position":2,"name":"Tienda","item":"https:\/\/www.rincondepo.com\/index.php\/shop\/"},{"@type":"ListItem","position":3,"name":"Sudadera cuello redondo blanca \u00b7 LYLE SCOTT"}]},{"@type":"WebSite","@id":"https:\/\/www.rincondepo.com\/#website","url":"https:\/\/www.rincondepo.com\/","name":"Tienda Online","description":"Tu tienda de confianza","potentialAction":[{"@type":"SearchAction","target":{"@type":"EntryPoint","urlTemplate":"https:\/\/www.rincondepo.com\/?s={search_term_string}"},"query-input":"required name=search_term_string"}],"inLanguage":"es"}]}},"_links":{"self":[{"href":"https:\/\/www.rincondepo.com\/index.php\/wp-json\/wp\/v2\/product\/13769"}],"collection":[{"href":"https:\/\/www.rincondepo.com\/index.php\/wp-json\/wp\/v2\/product"}],"about":[{"href":"https:\/\/www.rincondepo.com\/index.php\/wp-json\/wp\/v2\/types\/product"}],"wp:featuredmedia":[{"embeddable":true,"href":"https:\/\/www.rincondepo.com\/index.php\/wp-json\/wp\/v2\/media\/13772"}],"wp:attachment":[{"href":"https:\/\/www.rincondepo.com\/index.php\/wp-json\/wp\/v2\/media?parent=13769"}],"wp:term":[{"taxonomy":"product_cat","embeddable":true,"href":"https:\/\/www.rincondepo.com\/index.php\/wp-json\/wp\/v2\/product_cat?post=13769"},{"taxonomy":"product_tag","embeddable":true,"href":"https:\/\/www.rincondepo.com\/index.php\/wp-json\/wp\/v2\/product_tag?post=13769"}],"curies":[{"name":"wp","href":"https:\/\/api.w.org\/{rel}","templated":true}]}}