{"id":14823,"date":"2025-09-11T10:09:35","date_gmt":"2025-09-11T10:09:35","guid":{"rendered":"https:\/\/www.rincondepo.com\/?post_type=product&#038;p=14823"},"modified":"2026-01-29T17:15:56","modified_gmt":"2026-01-29T17:15:56","slug":"abrigo-monetine-kelp-tanta","status":"publish","type":"product","link":"https:\/\/www.rincondepo.com\/index.php\/product\/abrigo-monetine-kelp-tanta\/","title":{"rendered":"Abrigo Monetine Kelp \u00b7 TANT\u00c4"},"content":{"rendered":"<p>Abrigo Monetine Kelp TANT\u00c4.\u00a0Pertenece a la temporada Oto\u00f1o\/Invierno 2025.<\/p>\n<p>El abrigo Monetine combina estilo y funcionalidad, confeccionado con una capa exterior de PU 100 % impermeable y relleno con aislamiento ligero, sin plumas y transpirable.<\/p>\n<p>Prenda completamente cosida con hilos impermeables.<\/p>\n<p>Gran cremallera frontal de resina con doble cursor y botones a presi\u00f3n ocultos.<\/p>\n<p>Capucha ajustable con cord\u00f3n, visera integrada y cuello alto.<\/p>\n<p>Bolsillos con cremallera impermeable termosellada.<\/p>\n<p>Bolsillos interiores forrados en forro polar.<\/p>\n<p>Pu\u00f1os cortaviento.<\/p>\n<p>Bolsillo interior con cremallera.<\/p>\n<p>Bolsillo interior tipo plastr\u00f3n con estampado.<\/p>\n<p>Corte regular.<\/p>\n<p>Costuras termoselladas<\/p>\n<p>Composici\u00f3n: Capa exterior: 100 % poli\u00e9ster; revestimiento 100 % poliuretano.<\/p>\n<p>Capa de aislamiento: aislamiento ligero tipo C sin plumas y transpirable (65 % polipropileno \/ 35 % poli\u00e9ster) que retiene el calor corporal mientras permite la evaporaci\u00f3n de la humedad. Forro interior: 100 % nailon.<\/p>\n<p>Por \u00faltimo, combina con pantal\u00f3n cargo, sudadera y deportivas.<\/p>\n","protected":false},"excerpt":{"rendered":"<p>Abrigo Monetine Kelp TANT\u00c4.<\/p>\n<p>Pertenece a la temporada Oto\u00f1o\/Invierno 2025.<\/p>\n","protected":false},"featured_media":14828,"template":"","meta":{"_joinchat":[]},"product_cat":[423,88,90],"product_tag":[306,529,515,269],"yoast_head":"<!-- This site is optimized with the Yoast SEO plugin v20.10 - https:\/\/yoast.com\/wordpress\/plugins\/seo\/ -->\n<title>Abrigo Monetine Kelp \u00b7 TANT\u00c4 - Tienda Online<\/title>\n<meta name=\"description\" content=\"Abrigo Monetine Kelp de la marca TANT\u00c4. Disponible en Rinc\u00f3n &amp; Terrier by p\u00f3. Env\u00edo en 48\/72h GRATIS en todas las compras.\" \/>\n<meta name=\"robots\" content=\"index, follow, max-snippet:-1, max-image-preview:large, max-video-preview:-1\" \/>\n<link rel=\"canonical\" href=\"https:\/\/www.rincondepo.com\/index.php\/product\/abrigo-monetine-kelp-tanta\/\" \/>\n<meta property=\"og:locale\" content=\"es_ES\" \/>\n<meta property=\"og:type\" content=\"article\" \/>\n<meta property=\"og:title\" content=\"Abrigo Monetine Kelp \u00b7 TANT\u00c4 - Tienda Online\" \/>\n<meta property=\"og:description\" content=\"Abrigo Monetine Kelp de la marca TANT\u00c4. Disponible en Rinc\u00f3n &amp; Terrier by p\u00f3. Env\u00edo en 48\/72h GRATIS en todas las compras.\" \/>\n<meta property=\"og:url\" content=\"https:\/\/www.rincondepo.com\/index.php\/product\/abrigo-monetine-kelp-tanta\/\" \/>\n<meta property=\"og:site_name\" content=\"Tienda Online\" \/>\n<meta property=\"article:modified_time\" content=\"2026-01-29T17:15:56+00:00\" \/>\n<meta property=\"og:image\" content=\"https:\/\/www.rincondepo.com\/wp-content\/uploads\/2025\/09\/T3262-Monetine-Kelp-FW25-4460_11301449-c3ec-45a9-a6b2-b5a9f2994389_460x.webp\" \/>\n\t<meta property=\"og:image:width\" content=\"460\" \/>\n\t<meta property=\"og:image:height\" content=\"690\" \/>\n\t<meta property=\"og:image:type\" content=\"image\/webp\" \/>\n<meta name=\"twitter:card\" content=\"summary_large_image\" \/>\n<meta name=\"twitter:label1\" content=\"Tiempo de lectura\" \/>\n\t<meta name=\"twitter:data1\" content=\"1 minuto\" \/>\n<script type=\"application\/ld+json\" class=\"yoast-schema-graph\">{\"@context\":\"https:\/\/schema.org\",\"@graph\":[{\"@type\":\"WebPage\",\"@id\":\"https:\/\/www.rincondepo.com\/index.php\/product\/abrigo-monetine-kelp-tanta\/\",\"url\":\"https:\/\/www.rincondepo.com\/index.php\/product\/abrigo-monetine-kelp-tanta\/\",\"name\":\"Abrigo Monetine Kelp \u00b7 TANT\u00c4 - Tienda Online\",\"isPartOf\":{\"@id\":\"https:\/\/www.rincondepo.com\/#website\"},\"datePublished\":\"2025-09-11T10:09:35+00:00\",\"dateModified\":\"2026-01-29T17:15:56+00:00\",\"description\":\"Abrigo Monetine Kelp de la marca TANT\u00c4. Disponible en Rinc\u00f3n & Terrier by p\u00f3. Env\u00edo en 48\/72h GRATIS en todas las compras.\",\"breadcrumb\":{\"@id\":\"https:\/\/www.rincondepo.com\/index.php\/product\/abrigo-monetine-kelp-tanta\/#breadcrumb\"},\"inLanguage\":\"es\",\"potentialAction\":[{\"@type\":\"ReadAction\",\"target\":[\"https:\/\/www.rincondepo.com\/index.php\/product\/abrigo-monetine-kelp-tanta\/\"]}]},{\"@type\":\"BreadcrumbList\",\"@id\":\"https:\/\/www.rincondepo.com\/index.php\/product\/abrigo-monetine-kelp-tanta\/#breadcrumb\",\"itemListElement\":[{\"@type\":\"ListItem\",\"position\":1,\"name\":\"Portada\",\"item\":\"https:\/\/www.rincondepo.com\/\"},{\"@type\":\"ListItem\",\"position\":2,\"name\":\"Tienda\",\"item\":\"https:\/\/www.rincondepo.com\/index.php\/shop\/\"},{\"@type\":\"ListItem\",\"position\":3,\"name\":\"Abrigo Monetine Kelp \u00b7 TANT\u00c4\"}]},{\"@type\":\"WebSite\",\"@id\":\"https:\/\/www.rincondepo.com\/#website\",\"url\":\"https:\/\/www.rincondepo.com\/\",\"name\":\"Tienda Online\",\"description\":\"Tu tienda de confianza\",\"potentialAction\":[{\"@type\":\"SearchAction\",\"target\":{\"@type\":\"EntryPoint\",\"urlTemplate\":\"https:\/\/www.rincondepo.com\/?s={search_term_string}\"},\"query-input\":\"required name=search_term_string\"}],\"inLanguage\":\"es\"}]}<\/script>\n<!-- \/ Yoast SEO plugin. -->","yoast_head_json":{"title":"Abrigo Monetine Kelp \u00b7 TANT\u00c4 - Tienda Online","description":"Abrigo Monetine Kelp de la marca TANT\u00c4. Disponible en Rinc\u00f3n & Terrier by p\u00f3. Env\u00edo en 48\/72h GRATIS en todas las compras.","robots":{"index":"index","follow":"follow","max-snippet":"max-snippet:-1","max-image-preview":"max-image-preview:large","max-video-preview":"max-video-preview:-1"},"canonical":"https:\/\/www.rincondepo.com\/index.php\/product\/abrigo-monetine-kelp-tanta\/","og_locale":"es_ES","og_type":"article","og_title":"Abrigo Monetine Kelp \u00b7 TANT\u00c4 - Tienda Online","og_description":"Abrigo Monetine Kelp de la marca TANT\u00c4. Disponible en Rinc\u00f3n & Terrier by p\u00f3. Env\u00edo en 48\/72h GRATIS en todas las compras.","og_url":"https:\/\/www.rincondepo.com\/index.php\/product\/abrigo-monetine-kelp-tanta\/","og_site_name":"Tienda Online","article_modified_time":"2026-01-29T17:15:56+00:00","og_image":[{"width":460,"height":690,"url":"https:\/\/www.rincondepo.com\/wp-content\/uploads\/2025\/09\/T3262-Monetine-Kelp-FW25-4460_11301449-c3ec-45a9-a6b2-b5a9f2994389_460x.webp","type":"image\/webp"}],"twitter_card":"summary_large_image","twitter_misc":{"Tiempo de lectura":"1 minuto"},"schema":{"@context":"https:\/\/schema.org","@graph":[{"@type":"WebPage","@id":"https:\/\/www.rincondepo.com\/index.php\/product\/abrigo-monetine-kelp-tanta\/","url":"https:\/\/www.rincondepo.com\/index.php\/product\/abrigo-monetine-kelp-tanta\/","name":"Abrigo Monetine Kelp \u00b7 TANT\u00c4 - Tienda Online","isPartOf":{"@id":"https:\/\/www.rincondepo.com\/#website"},"datePublished":"2025-09-11T10:09:35+00:00","dateModified":"2026-01-29T17:15:56+00:00","description":"Abrigo Monetine Kelp de la marca TANT\u00c4. Disponible en Rinc\u00f3n & Terrier by p\u00f3. Env\u00edo en 48\/72h GRATIS en todas las compras.","breadcrumb":{"@id":"https:\/\/www.rincondepo.com\/index.php\/product\/abrigo-monetine-kelp-tanta\/#breadcrumb"},"inLanguage":"es","potentialAction":[{"@type":"ReadAction","target":["https:\/\/www.rincondepo.com\/index.php\/product\/abrigo-monetine-kelp-tanta\/"]}]},{"@type":"BreadcrumbList","@id":"https:\/\/www.rincondepo.com\/index.php\/product\/abrigo-monetine-kelp-tanta\/#breadcrumb","itemListElement":[{"@type":"ListItem","position":1,"name":"Portada","item":"https:\/\/www.rincondepo.com\/"},{"@type":"ListItem","position":2,"name":"Tienda","item":"https:\/\/www.rincondepo.com\/index.php\/shop\/"},{"@type":"ListItem","position":3,"name":"Abrigo Monetine Kelp \u00b7 TANT\u00c4"}]},{"@type":"WebSite","@id":"https:\/\/www.rincondepo.com\/#website","url":"https:\/\/www.rincondepo.com\/","name":"Tienda Online","description":"Tu tienda de confianza","potentialAction":[{"@type":"SearchAction","target":{"@type":"EntryPoint","urlTemplate":"https:\/\/www.rincondepo.com\/?s={search_term_string}"},"query-input":"required name=search_term_string"}],"inLanguage":"es"}]}},"_links":{"self":[{"href":"https:\/\/www.rincondepo.com\/index.php\/wp-json\/wp\/v2\/product\/14823"}],"collection":[{"href":"https:\/\/www.rincondepo.com\/index.php\/wp-json\/wp\/v2\/product"}],"about":[{"href":"https:\/\/www.rincondepo.com\/index.php\/wp-json\/wp\/v2\/types\/product"}],"wp:featuredmedia":[{"embeddable":true,"href":"https:\/\/www.rincondepo.com\/index.php\/wp-json\/wp\/v2\/media\/14828"}],"wp:attachment":[{"href":"https:\/\/www.rincondepo.com\/index.php\/wp-json\/wp\/v2\/media?parent=14823"}],"wp:term":[{"taxonomy":"product_cat","embeddable":true,"href":"https:\/\/www.rincondepo.com\/index.php\/wp-json\/wp\/v2\/product_cat?post=14823"},{"taxonomy":"product_tag","embeddable":true,"href":"https:\/\/www.rincondepo.com\/index.php\/wp-json\/wp\/v2\/product_tag?post=14823"}],"curies":[{"name":"wp","href":"https:\/\/api.w.org\/{rel}","templated":true}]}}