{"id":15036,"date":"2025-10-01T09:09:42","date_gmt":"2025-10-01T09:09:42","guid":{"rendered":"https:\/\/www.rincondepo.com\/?post_type=product&#038;p=15036"},"modified":"2025-10-01T09:09:42","modified_gmt":"2025-10-01T09:09:42","slug":"camiseta-die-blanca-lasal","status":"publish","type":"product","link":"https:\/\/www.rincondepo.com\/index.php\/product\/camiseta-die-blanca-lasal\/","title":{"rendered":"Camiseta DIE blanca \u00b7 LASAL"},"content":{"rendered":"<p>Camiseta DIE blanca LASAL. Ediciones Limitadas Numeradas (100 unidades) por lo que las numeramos una a una.<\/p>\n<p>Modelo b\u00e1sico de hombre DIE<\/p>\n<p>Camiseta Regular fit.<\/p>\n<p>Cuello redondo, manga corta.<\/p>\n<p>Estampaci\u00f3n delantera cuatrimetr\u00eda al agua combinada con digital.<\/p>\n<p>Logo de la firma cosido en la prenda.<\/p>\n<p>Numeraci\u00f3n de Edici\u00f3n Limitada en la espalda.<\/p>\n<p>Nastro en los colores de la firma.<\/p>\n<p>Composici\u00f3n: 100% Algod\u00f3n de 180gr.<\/p>\n<p>Por \u00faltimo combina con pantal\u00f3n cargo vaquero y deportivas.<\/p>\n","protected":false},"excerpt":{"rendered":"<p>Camiseta DIE blanca LASAL.<\/p>\n<p>Ediciones Limitadas Numeradas (100 unidades) por lo que las numeramos una a una.<\/p>\n","protected":false},"featured_media":15040,"template":"","meta":{"_joinchat":[]},"product_cat":[423,88,93],"product_tag":[213,224],"yoast_head":"<!-- This site is optimized with the Yoast SEO plugin v20.10 - https:\/\/yoast.com\/wordpress\/plugins\/seo\/ -->\n<title>Camiseta DIE blanca \u00b7 LASAL - Tienda Online<\/title>\n<meta name=\"description\" content=\"Camiseta DIE blanca de la marca LASAL. Disponible en Rinc\u00f3n &amp; Terrier by p\u00f3. Env\u00edo en 48\/72h GRATIS en todas las compras\" \/>\n<meta name=\"robots\" content=\"index, follow, max-snippet:-1, max-image-preview:large, max-video-preview:-1\" \/>\n<link rel=\"canonical\" href=\"https:\/\/www.rincondepo.com\/index.php\/product\/camiseta-die-blanca-lasal\/\" \/>\n<meta property=\"og:locale\" content=\"es_ES\" \/>\n<meta property=\"og:type\" content=\"article\" \/>\n<meta property=\"og:title\" content=\"Camiseta DIE blanca \u00b7 LASAL - Tienda Online\" \/>\n<meta property=\"og:description\" content=\"Camiseta DIE blanca de la marca LASAL. Disponible en Rinc\u00f3n &amp; Terrier by p\u00f3. Env\u00edo en 48\/72h GRATIS en todas las compras\" \/>\n<meta property=\"og:url\" content=\"https:\/\/www.rincondepo.com\/index.php\/product\/camiseta-die-blanca-lasal\/\" \/>\n<meta property=\"og:site_name\" content=\"Tienda Online\" \/>\n<meta property=\"og:image\" content=\"https:\/\/www.rincondepo.com\/wp-content\/uploads\/2025\/10\/camiseta-de-hombre-lasal-die-blanca-2.jpg\" \/>\n\t<meta property=\"og:image:width\" content=\"800\" \/>\n\t<meta property=\"og:image:height\" content=\"1200\" \/>\n\t<meta property=\"og:image:type\" content=\"image\/jpeg\" \/>\n<meta name=\"twitter:card\" content=\"summary_large_image\" \/>\n<meta name=\"twitter:label1\" content=\"Tiempo de lectura\" \/>\n\t<meta name=\"twitter:data1\" content=\"1 minuto\" \/>\n<script type=\"application\/ld+json\" class=\"yoast-schema-graph\">{\"@context\":\"https:\/\/schema.org\",\"@graph\":[{\"@type\":\"WebPage\",\"@id\":\"https:\/\/www.rincondepo.com\/index.php\/product\/camiseta-die-blanca-lasal\/\",\"url\":\"https:\/\/www.rincondepo.com\/index.php\/product\/camiseta-die-blanca-lasal\/\",\"name\":\"Camiseta DIE blanca \u00b7 LASAL - Tienda Online\",\"isPartOf\":{\"@id\":\"https:\/\/www.rincondepo.com\/#website\"},\"datePublished\":\"2025-10-01T09:09:42+00:00\",\"dateModified\":\"2025-10-01T09:09:42+00:00\",\"description\":\"Camiseta DIE blanca de la marca LASAL. Disponible en Rinc\u00f3n & Terrier by p\u00f3. Env\u00edo en 48\/72h GRATIS en todas las compras\",\"breadcrumb\":{\"@id\":\"https:\/\/www.rincondepo.com\/index.php\/product\/camiseta-die-blanca-lasal\/#breadcrumb\"},\"inLanguage\":\"es\",\"potentialAction\":[{\"@type\":\"ReadAction\",\"target\":[\"https:\/\/www.rincondepo.com\/index.php\/product\/camiseta-die-blanca-lasal\/\"]}]},{\"@type\":\"BreadcrumbList\",\"@id\":\"https:\/\/www.rincondepo.com\/index.php\/product\/camiseta-die-blanca-lasal\/#breadcrumb\",\"itemListElement\":[{\"@type\":\"ListItem\",\"position\":1,\"name\":\"Portada\",\"item\":\"https:\/\/www.rincondepo.com\/\"},{\"@type\":\"ListItem\",\"position\":2,\"name\":\"Tienda\",\"item\":\"https:\/\/www.rincondepo.com\/index.php\/shop\/\"},{\"@type\":\"ListItem\",\"position\":3,\"name\":\"Camiseta DIE blanca \u00b7 LASAL\"}]},{\"@type\":\"WebSite\",\"@id\":\"https:\/\/www.rincondepo.com\/#website\",\"url\":\"https:\/\/www.rincondepo.com\/\",\"name\":\"Tienda Online\",\"description\":\"Tu tienda de confianza\",\"potentialAction\":[{\"@type\":\"SearchAction\",\"target\":{\"@type\":\"EntryPoint\",\"urlTemplate\":\"https:\/\/www.rincondepo.com\/?s={search_term_string}\"},\"query-input\":\"required name=search_term_string\"}],\"inLanguage\":\"es\"}]}<\/script>\n<!-- \/ Yoast SEO plugin. -->","yoast_head_json":{"title":"Camiseta DIE blanca \u00b7 LASAL - Tienda Online","description":"Camiseta DIE blanca de la marca LASAL. Disponible en Rinc\u00f3n & Terrier by p\u00f3. Env\u00edo en 48\/72h GRATIS en todas las compras","robots":{"index":"index","follow":"follow","max-snippet":"max-snippet:-1","max-image-preview":"max-image-preview:large","max-video-preview":"max-video-preview:-1"},"canonical":"https:\/\/www.rincondepo.com\/index.php\/product\/camiseta-die-blanca-lasal\/","og_locale":"es_ES","og_type":"article","og_title":"Camiseta DIE blanca \u00b7 LASAL - Tienda Online","og_description":"Camiseta DIE blanca de la marca LASAL. Disponible en Rinc\u00f3n & Terrier by p\u00f3. Env\u00edo en 48\/72h GRATIS en todas las compras","og_url":"https:\/\/www.rincondepo.com\/index.php\/product\/camiseta-die-blanca-lasal\/","og_site_name":"Tienda Online","og_image":[{"width":800,"height":1200,"url":"https:\/\/www.rincondepo.com\/wp-content\/uploads\/2025\/10\/camiseta-de-hombre-lasal-die-blanca-2.jpg","type":"image\/jpeg"}],"twitter_card":"summary_large_image","twitter_misc":{"Tiempo de lectura":"1 minuto"},"schema":{"@context":"https:\/\/schema.org","@graph":[{"@type":"WebPage","@id":"https:\/\/www.rincondepo.com\/index.php\/product\/camiseta-die-blanca-lasal\/","url":"https:\/\/www.rincondepo.com\/index.php\/product\/camiseta-die-blanca-lasal\/","name":"Camiseta DIE blanca \u00b7 LASAL - Tienda Online","isPartOf":{"@id":"https:\/\/www.rincondepo.com\/#website"},"datePublished":"2025-10-01T09:09:42+00:00","dateModified":"2025-10-01T09:09:42+00:00","description":"Camiseta DIE blanca de la marca LASAL. Disponible en Rinc\u00f3n & Terrier by p\u00f3. Env\u00edo en 48\/72h GRATIS en todas las compras","breadcrumb":{"@id":"https:\/\/www.rincondepo.com\/index.php\/product\/camiseta-die-blanca-lasal\/#breadcrumb"},"inLanguage":"es","potentialAction":[{"@type":"ReadAction","target":["https:\/\/www.rincondepo.com\/index.php\/product\/camiseta-die-blanca-lasal\/"]}]},{"@type":"BreadcrumbList","@id":"https:\/\/www.rincondepo.com\/index.php\/product\/camiseta-die-blanca-lasal\/#breadcrumb","itemListElement":[{"@type":"ListItem","position":1,"name":"Portada","item":"https:\/\/www.rincondepo.com\/"},{"@type":"ListItem","position":2,"name":"Tienda","item":"https:\/\/www.rincondepo.com\/index.php\/shop\/"},{"@type":"ListItem","position":3,"name":"Camiseta DIE blanca \u00b7 LASAL"}]},{"@type":"WebSite","@id":"https:\/\/www.rincondepo.com\/#website","url":"https:\/\/www.rincondepo.com\/","name":"Tienda Online","description":"Tu tienda de confianza","potentialAction":[{"@type":"SearchAction","target":{"@type":"EntryPoint","urlTemplate":"https:\/\/www.rincondepo.com\/?s={search_term_string}"},"query-input":"required name=search_term_string"}],"inLanguage":"es"}]}},"_links":{"self":[{"href":"https:\/\/www.rincondepo.com\/index.php\/wp-json\/wp\/v2\/product\/15036"}],"collection":[{"href":"https:\/\/www.rincondepo.com\/index.php\/wp-json\/wp\/v2\/product"}],"about":[{"href":"https:\/\/www.rincondepo.com\/index.php\/wp-json\/wp\/v2\/types\/product"}],"wp:featuredmedia":[{"embeddable":true,"href":"https:\/\/www.rincondepo.com\/index.php\/wp-json\/wp\/v2\/media\/15040"}],"wp:attachment":[{"href":"https:\/\/www.rincondepo.com\/index.php\/wp-json\/wp\/v2\/media?parent=15036"}],"wp:term":[{"taxonomy":"product_cat","embeddable":true,"href":"https:\/\/www.rincondepo.com\/index.php\/wp-json\/wp\/v2\/product_cat?post=15036"},{"taxonomy":"product_tag","embeddable":true,"href":"https:\/\/www.rincondepo.com\/index.php\/wp-json\/wp\/v2\/product_tag?post=15036"}],"curies":[{"name":"wp","href":"https:\/\/api.w.org\/{rel}","templated":true}]}}