{"id":15058,"date":"2025-10-01T10:36:38","date_gmt":"2025-10-01T10:36:38","guid":{"rendered":"https:\/\/www.rincondepo.com\/?post_type=product&#038;p=15058"},"modified":"2025-10-21T11:43:24","modified_gmt":"2025-10-21T11:43:24","slug":"pantalon-jogger-plastic-tabaco-lasal","status":"publish","type":"product","link":"https:\/\/www.rincondepo.com\/index.php\/product\/pantalon-jogger-plastic-tabaco-lasal\/","title":{"rendered":"Pantal\u00f3n jogger PLASTIC tabaco \u00b7 LASAL"},"content":{"rendered":"<p>Pantal\u00f3n jogger PLASTIC tabaco LASAL. Ediciones Limitadas Numeradas (100 unidades) por lo que las numeramos una a una.<\/p>\n<p>POSIBLEMENTE EL JOGGER M\u00c1S C\u00d3MODO DEL MUNDO.<\/p>\n<p>Con su sarga el\u00e1stica con cierre en algod\u00f3n de 280 grs.<\/p>\n<p>Mejoramos su comodidad con menos costuras.<\/p>\n<p>Bolsillos laterales con cierre de cremallera.<\/p>\n<p>Cintura y tobillos con goma.<\/p>\n<p>Bordado de Edici\u00f3n Limitada en la pierna.<\/p>\n<p>Bordado de la firma en el bolsillo trasero.<\/p>\n<p>Composici\u00f3n: 98% Algod\u00f3n, 2% Elastano.<\/p>\n<p>Por \u00faltimo, combina con camiseta o sudadera y deportivas.<\/p>\n<p>&nbsp;<\/p>\n","protected":false},"excerpt":{"rendered":"<p>Pantal\u00f3n jogger PLASTIC tabaco LASAL.<\/p>\n<p>Ediciones Limitadas Numeradas (100 unidades) por lo que las numeramos una a una.<\/p>\n<p>&nbsp;<\/p>\n","protected":false},"featured_media":15061,"template":"","meta":{"_joinchat":[]},"product_cat":[423,88,99],"product_tag":[224,544],"yoast_head":"<!-- This site is optimized with the Yoast SEO plugin v20.10 - https:\/\/yoast.com\/wordpress\/plugins\/seo\/ -->\n<title>Pantal\u00f3n jogger PLASTIC tabaco \u00b7 LASAL - Tienda Online<\/title>\n<meta name=\"description\" content=\"Pantal\u00f3n jogger PLASTIC tabaco de la marca LASAL. Disponible en Rinc\u00f3n &amp; Terrier by p\u00f3. Env\u00edo en 48\/72h GRATIS en todas las compras\" \/>\n<meta name=\"robots\" content=\"index, follow, max-snippet:-1, max-image-preview:large, max-video-preview:-1\" \/>\n<link rel=\"canonical\" href=\"https:\/\/www.rincondepo.com\/index.php\/product\/pantalon-jogger-plastic-tabaco-lasal\/\" \/>\n<meta property=\"og:locale\" content=\"es_ES\" \/>\n<meta property=\"og:type\" content=\"article\" \/>\n<meta property=\"og:title\" content=\"Pantal\u00f3n jogger PLASTIC tabaco \u00b7 LASAL - Tienda Online\" \/>\n<meta property=\"og:description\" content=\"Pantal\u00f3n jogger PLASTIC tabaco de la marca LASAL. Disponible en Rinc\u00f3n &amp; Terrier by p\u00f3. Env\u00edo en 48\/72h GRATIS en todas las compras\" \/>\n<meta property=\"og:url\" content=\"https:\/\/www.rincondepo.com\/index.php\/product\/pantalon-jogger-plastic-tabaco-lasal\/\" \/>\n<meta property=\"og:site_name\" content=\"Tienda Online\" \/>\n<meta property=\"article:modified_time\" content=\"2025-10-21T11:43:24+00:00\" \/>\n<meta property=\"og:image\" content=\"https:\/\/www.rincondepo.com\/wp-content\/uploads\/2025\/10\/pantalon-de-hombre-jogger-cargo-lasal-plastic-tabaco-1.jpg\" \/>\n\t<meta property=\"og:image:width\" content=\"800\" \/>\n\t<meta property=\"og:image:height\" content=\"1204\" \/>\n\t<meta property=\"og:image:type\" content=\"image\/jpeg\" \/>\n<meta name=\"twitter:card\" content=\"summary_large_image\" \/>\n<meta name=\"twitter:label1\" content=\"Tiempo de lectura\" \/>\n\t<meta name=\"twitter:data1\" content=\"1 minuto\" \/>\n<script type=\"application\/ld+json\" class=\"yoast-schema-graph\">{\"@context\":\"https:\/\/schema.org\",\"@graph\":[{\"@type\":\"WebPage\",\"@id\":\"https:\/\/www.rincondepo.com\/index.php\/product\/pantalon-jogger-plastic-tabaco-lasal\/\",\"url\":\"https:\/\/www.rincondepo.com\/index.php\/product\/pantalon-jogger-plastic-tabaco-lasal\/\",\"name\":\"Pantal\u00f3n jogger PLASTIC tabaco \u00b7 LASAL - Tienda Online\",\"isPartOf\":{\"@id\":\"https:\/\/www.rincondepo.com\/#website\"},\"datePublished\":\"2025-10-01T10:36:38+00:00\",\"dateModified\":\"2025-10-21T11:43:24+00:00\",\"description\":\"Pantal\u00f3n jogger PLASTIC tabaco de la marca LASAL. Disponible en Rinc\u00f3n & Terrier by p\u00f3. Env\u00edo en 48\/72h GRATIS en todas las compras\",\"breadcrumb\":{\"@id\":\"https:\/\/www.rincondepo.com\/index.php\/product\/pantalon-jogger-plastic-tabaco-lasal\/#breadcrumb\"},\"inLanguage\":\"es\",\"potentialAction\":[{\"@type\":\"ReadAction\",\"target\":[\"https:\/\/www.rincondepo.com\/index.php\/product\/pantalon-jogger-plastic-tabaco-lasal\/\"]}]},{\"@type\":\"BreadcrumbList\",\"@id\":\"https:\/\/www.rincondepo.com\/index.php\/product\/pantalon-jogger-plastic-tabaco-lasal\/#breadcrumb\",\"itemListElement\":[{\"@type\":\"ListItem\",\"position\":1,\"name\":\"Portada\",\"item\":\"https:\/\/www.rincondepo.com\/\"},{\"@type\":\"ListItem\",\"position\":2,\"name\":\"Tienda\",\"item\":\"https:\/\/www.rincondepo.com\/index.php\/shop\/\"},{\"@type\":\"ListItem\",\"position\":3,\"name\":\"Pantal\u00f3n jogger PLASTIC tabaco \u00b7 LASAL\"}]},{\"@type\":\"WebSite\",\"@id\":\"https:\/\/www.rincondepo.com\/#website\",\"url\":\"https:\/\/www.rincondepo.com\/\",\"name\":\"Tienda Online\",\"description\":\"Tu tienda de confianza\",\"potentialAction\":[{\"@type\":\"SearchAction\",\"target\":{\"@type\":\"EntryPoint\",\"urlTemplate\":\"https:\/\/www.rincondepo.com\/?s={search_term_string}\"},\"query-input\":\"required name=search_term_string\"}],\"inLanguage\":\"es\"}]}<\/script>\n<!-- \/ Yoast SEO plugin. -->","yoast_head_json":{"title":"Pantal\u00f3n jogger PLASTIC tabaco \u00b7 LASAL - Tienda Online","description":"Pantal\u00f3n jogger PLASTIC tabaco de la marca LASAL. Disponible en Rinc\u00f3n & Terrier by p\u00f3. Env\u00edo en 48\/72h GRATIS en todas las compras","robots":{"index":"index","follow":"follow","max-snippet":"max-snippet:-1","max-image-preview":"max-image-preview:large","max-video-preview":"max-video-preview:-1"},"canonical":"https:\/\/www.rincondepo.com\/index.php\/product\/pantalon-jogger-plastic-tabaco-lasal\/","og_locale":"es_ES","og_type":"article","og_title":"Pantal\u00f3n jogger PLASTIC tabaco \u00b7 LASAL - Tienda Online","og_description":"Pantal\u00f3n jogger PLASTIC tabaco de la marca LASAL. Disponible en Rinc\u00f3n & Terrier by p\u00f3. Env\u00edo en 48\/72h GRATIS en todas las compras","og_url":"https:\/\/www.rincondepo.com\/index.php\/product\/pantalon-jogger-plastic-tabaco-lasal\/","og_site_name":"Tienda Online","article_modified_time":"2025-10-21T11:43:24+00:00","og_image":[{"width":800,"height":1204,"url":"https:\/\/www.rincondepo.com\/wp-content\/uploads\/2025\/10\/pantalon-de-hombre-jogger-cargo-lasal-plastic-tabaco-1.jpg","type":"image\/jpeg"}],"twitter_card":"summary_large_image","twitter_misc":{"Tiempo de lectura":"1 minuto"},"schema":{"@context":"https:\/\/schema.org","@graph":[{"@type":"WebPage","@id":"https:\/\/www.rincondepo.com\/index.php\/product\/pantalon-jogger-plastic-tabaco-lasal\/","url":"https:\/\/www.rincondepo.com\/index.php\/product\/pantalon-jogger-plastic-tabaco-lasal\/","name":"Pantal\u00f3n jogger PLASTIC tabaco \u00b7 LASAL - Tienda Online","isPartOf":{"@id":"https:\/\/www.rincondepo.com\/#website"},"datePublished":"2025-10-01T10:36:38+00:00","dateModified":"2025-10-21T11:43:24+00:00","description":"Pantal\u00f3n jogger PLASTIC tabaco de la marca LASAL. Disponible en Rinc\u00f3n & Terrier by p\u00f3. Env\u00edo en 48\/72h GRATIS en todas las compras","breadcrumb":{"@id":"https:\/\/www.rincondepo.com\/index.php\/product\/pantalon-jogger-plastic-tabaco-lasal\/#breadcrumb"},"inLanguage":"es","potentialAction":[{"@type":"ReadAction","target":["https:\/\/www.rincondepo.com\/index.php\/product\/pantalon-jogger-plastic-tabaco-lasal\/"]}]},{"@type":"BreadcrumbList","@id":"https:\/\/www.rincondepo.com\/index.php\/product\/pantalon-jogger-plastic-tabaco-lasal\/#breadcrumb","itemListElement":[{"@type":"ListItem","position":1,"name":"Portada","item":"https:\/\/www.rincondepo.com\/"},{"@type":"ListItem","position":2,"name":"Tienda","item":"https:\/\/www.rincondepo.com\/index.php\/shop\/"},{"@type":"ListItem","position":3,"name":"Pantal\u00f3n jogger PLASTIC tabaco \u00b7 LASAL"}]},{"@type":"WebSite","@id":"https:\/\/www.rincondepo.com\/#website","url":"https:\/\/www.rincondepo.com\/","name":"Tienda Online","description":"Tu tienda de confianza","potentialAction":[{"@type":"SearchAction","target":{"@type":"EntryPoint","urlTemplate":"https:\/\/www.rincondepo.com\/?s={search_term_string}"},"query-input":"required name=search_term_string"}],"inLanguage":"es"}]}},"_links":{"self":[{"href":"https:\/\/www.rincondepo.com\/index.php\/wp-json\/wp\/v2\/product\/15058"}],"collection":[{"href":"https:\/\/www.rincondepo.com\/index.php\/wp-json\/wp\/v2\/product"}],"about":[{"href":"https:\/\/www.rincondepo.com\/index.php\/wp-json\/wp\/v2\/types\/product"}],"wp:featuredmedia":[{"embeddable":true,"href":"https:\/\/www.rincondepo.com\/index.php\/wp-json\/wp\/v2\/media\/15061"}],"wp:attachment":[{"href":"https:\/\/www.rincondepo.com\/index.php\/wp-json\/wp\/v2\/media?parent=15058"}],"wp:term":[{"taxonomy":"product_cat","embeddable":true,"href":"https:\/\/www.rincondepo.com\/index.php\/wp-json\/wp\/v2\/product_cat?post=15058"},{"taxonomy":"product_tag","embeddable":true,"href":"https:\/\/www.rincondepo.com\/index.php\/wp-json\/wp\/v2\/product_tag?post=15058"}],"curies":[{"name":"wp","href":"https:\/\/api.w.org\/{rel}","templated":true}]}}