{"id":15359,"date":"2025-11-11T18:30:12","date_gmt":"2025-11-11T18:30:12","guid":{"rendered":"https:\/\/www.rincondepo.com\/?post_type=product&#038;p=15359"},"modified":"2025-12-10T13:00:02","modified_gmt":"2025-12-10T13:00:02","slug":"deportiva-olhamar-1-oc-ntr-bl-verde-be-tenaz","status":"publish","type":"product","link":"https:\/\/www.rincondepo.com\/index.php\/product\/deportiva-olhamar-1-oc-ntr-bl-verde-be-tenaz\/","title":{"rendered":"Deportiva Olhamar 1.OC Ntr Bl + verde \u00b7 BE TENAZ"},"content":{"rendered":"<p>Deportiva Olhamar 1.OC Ntr Bl +verde BE TENAZ.Pertenece a la temporada oto\u00f1o\/invierno 25.<\/p>\n<p>Confeccionada en piel suave, la zapatilla original Tenaz presenta una silueta elegante y c\u00f3moda.<\/p>\n<p>Su perfil plano y din\u00e1mico encarna la fusi\u00f3n caracter\u00edstica de Tenaz entre el encanto vintage y la modernidad.<\/p>\n<p>La suela de goma garantiza un excelente agarre en todas las superficies urbanas.<\/p>\n<p>Parte superior de cuero suave curtido vegetal y ante.<\/p>\n<p>Cuero torneado vegetal y forro de microl\u00ednea.<\/p>\n<p>Cuello acolchado.<\/p>\n<p>Plantilla de 0,9 mm de altura, l\u00e1tex y microl\u00ednea.<\/p>\n<p>Cordones de algod\u00f3n.<\/p>\n<p>Altura de la suela: 2,8-3,1 cm.<\/p>\n<p>Suela reciclada y reciclable.<\/p>\n<p>Composici\u00f3n :Parte superior: 100% cuero.<\/p>\n<p>Forro: 90% microline, 10% piel.<\/p>\n<p>Encaje 100% algod\u00f3n.<\/p>\n<p>Suela: 100% goma.<\/p>\n<p>Por \u00faltimo combina con vaqueros y jersey verde.<\/p>\n","protected":false},"excerpt":{"rendered":"<p>Deportiva Olhamar 1.OC Ntr Bl +verde\u00a0 BE TENAZ.<\/p>\n<p>Pertenece a la temporada oto\u00f1o\/invierno 25.<\/p>\n","protected":false},"featured_media":15362,"template":"","meta":{"_joinchat":[]},"product_cat":[423,108],"product_tag":[548,562,229],"yoast_head":"<!-- This site is optimized with the Yoast SEO plugin v20.10 - https:\/\/yoast.com\/wordpress\/plugins\/seo\/ -->\n<title>Deportiva Olhamar 1.OC Ntr Bl + verde \u00b7 BE TENAZ - Tienda Online<\/title>\n<meta name=\"description\" content=\"Deportiva Speed Harrow 1.OC marr\u00f3n de la marca BE TENAZ. Disponible en Rinc\u00f3n &amp; Terrier by p\u00f3. Env\u00edo en 48\/72h GRATIS en todas las compras.\" \/>\n<meta name=\"robots\" content=\"index, follow, max-snippet:-1, max-image-preview:large, max-video-preview:-1\" \/>\n<link rel=\"canonical\" href=\"https:\/\/www.rincondepo.com\/index.php\/product\/deportiva-olhamar-1-oc-ntr-bl-verde-be-tenaz\/\" \/>\n<meta property=\"og:locale\" content=\"es_ES\" \/>\n<meta property=\"og:type\" content=\"article\" \/>\n<meta property=\"og:title\" content=\"Deportiva Olhamar 1.OC Ntr Bl + verde \u00b7 BE TENAZ - Tienda Online\" \/>\n<meta property=\"og:description\" content=\"Deportiva Speed Harrow 1.OC marr\u00f3n de la marca BE TENAZ. Disponible en Rinc\u00f3n &amp; Terrier by p\u00f3. Env\u00edo en 48\/72h GRATIS en todas las compras.\" \/>\n<meta property=\"og:url\" content=\"https:\/\/www.rincondepo.com\/index.php\/product\/deportiva-olhamar-1-oc-ntr-bl-verde-be-tenaz\/\" \/>\n<meta property=\"og:site_name\" content=\"Tienda Online\" \/>\n<meta property=\"article:modified_time\" content=\"2025-12-10T13:00:02+00:00\" \/>\n<meta property=\"og:image\" content=\"https:\/\/www.rincondepo.com\/wp-content\/uploads\/2025\/11\/be-tenaz-verde-1.jpg\" \/>\n\t<meta property=\"og:image:width\" content=\"2000\" \/>\n\t<meta property=\"og:image:height\" content=\"2052\" \/>\n\t<meta property=\"og:image:type\" content=\"image\/jpeg\" \/>\n<meta name=\"twitter:card\" content=\"summary_large_image\" \/>\n<meta name=\"twitter:label1\" content=\"Tiempo de lectura\" \/>\n\t<meta name=\"twitter:data1\" content=\"1 minuto\" \/>\n<script type=\"application\/ld+json\" class=\"yoast-schema-graph\">{\"@context\":\"https:\/\/schema.org\",\"@graph\":[{\"@type\":\"WebPage\",\"@id\":\"https:\/\/www.rincondepo.com\/index.php\/product\/deportiva-olhamar-1-oc-ntr-bl-verde-be-tenaz\/\",\"url\":\"https:\/\/www.rincondepo.com\/index.php\/product\/deportiva-olhamar-1-oc-ntr-bl-verde-be-tenaz\/\",\"name\":\"Deportiva Olhamar 1.OC Ntr Bl + verde \u00b7 BE TENAZ - Tienda Online\",\"isPartOf\":{\"@id\":\"https:\/\/www.rincondepo.com\/#website\"},\"datePublished\":\"2025-11-11T18:30:12+00:00\",\"dateModified\":\"2025-12-10T13:00:02+00:00\",\"description\":\"Deportiva Speed Harrow 1.OC marr\u00f3n de la marca BE TENAZ. Disponible en Rinc\u00f3n & Terrier by p\u00f3. Env\u00edo en 48\/72h GRATIS en todas las compras.\",\"breadcrumb\":{\"@id\":\"https:\/\/www.rincondepo.com\/index.php\/product\/deportiva-olhamar-1-oc-ntr-bl-verde-be-tenaz\/#breadcrumb\"},\"inLanguage\":\"es\",\"potentialAction\":[{\"@type\":\"ReadAction\",\"target\":[\"https:\/\/www.rincondepo.com\/index.php\/product\/deportiva-olhamar-1-oc-ntr-bl-verde-be-tenaz\/\"]}]},{\"@type\":\"BreadcrumbList\",\"@id\":\"https:\/\/www.rincondepo.com\/index.php\/product\/deportiva-olhamar-1-oc-ntr-bl-verde-be-tenaz\/#breadcrumb\",\"itemListElement\":[{\"@type\":\"ListItem\",\"position\":1,\"name\":\"Portada\",\"item\":\"https:\/\/www.rincondepo.com\/\"},{\"@type\":\"ListItem\",\"position\":2,\"name\":\"Tienda\",\"item\":\"https:\/\/www.rincondepo.com\/index.php\/shop\/\"},{\"@type\":\"ListItem\",\"position\":3,\"name\":\"Deportiva Olhamar 1.OC Ntr Bl + verde \u00b7 BE TENAZ\"}]},{\"@type\":\"WebSite\",\"@id\":\"https:\/\/www.rincondepo.com\/#website\",\"url\":\"https:\/\/www.rincondepo.com\/\",\"name\":\"Tienda Online\",\"description\":\"Tu tienda de confianza\",\"potentialAction\":[{\"@type\":\"SearchAction\",\"target\":{\"@type\":\"EntryPoint\",\"urlTemplate\":\"https:\/\/www.rincondepo.com\/?s={search_term_string}\"},\"query-input\":\"required name=search_term_string\"}],\"inLanguage\":\"es\"}]}<\/script>\n<!-- \/ Yoast SEO plugin. -->","yoast_head_json":{"title":"Deportiva Olhamar 1.OC Ntr Bl + verde \u00b7 BE TENAZ - Tienda Online","description":"Deportiva Speed Harrow 1.OC marr\u00f3n de la marca BE TENAZ. Disponible en Rinc\u00f3n & Terrier by p\u00f3. Env\u00edo en 48\/72h GRATIS en todas las compras.","robots":{"index":"index","follow":"follow","max-snippet":"max-snippet:-1","max-image-preview":"max-image-preview:large","max-video-preview":"max-video-preview:-1"},"canonical":"https:\/\/www.rincondepo.com\/index.php\/product\/deportiva-olhamar-1-oc-ntr-bl-verde-be-tenaz\/","og_locale":"es_ES","og_type":"article","og_title":"Deportiva Olhamar 1.OC Ntr Bl + verde \u00b7 BE TENAZ - Tienda Online","og_description":"Deportiva Speed Harrow 1.OC marr\u00f3n de la marca BE TENAZ. Disponible en Rinc\u00f3n & Terrier by p\u00f3. Env\u00edo en 48\/72h GRATIS en todas las compras.","og_url":"https:\/\/www.rincondepo.com\/index.php\/product\/deportiva-olhamar-1-oc-ntr-bl-verde-be-tenaz\/","og_site_name":"Tienda Online","article_modified_time":"2025-12-10T13:00:02+00:00","og_image":[{"width":2000,"height":2052,"url":"https:\/\/www.rincondepo.com\/wp-content\/uploads\/2025\/11\/be-tenaz-verde-1.jpg","type":"image\/jpeg"}],"twitter_card":"summary_large_image","twitter_misc":{"Tiempo de lectura":"1 minuto"},"schema":{"@context":"https:\/\/schema.org","@graph":[{"@type":"WebPage","@id":"https:\/\/www.rincondepo.com\/index.php\/product\/deportiva-olhamar-1-oc-ntr-bl-verde-be-tenaz\/","url":"https:\/\/www.rincondepo.com\/index.php\/product\/deportiva-olhamar-1-oc-ntr-bl-verde-be-tenaz\/","name":"Deportiva Olhamar 1.OC Ntr Bl + verde \u00b7 BE TENAZ - Tienda Online","isPartOf":{"@id":"https:\/\/www.rincondepo.com\/#website"},"datePublished":"2025-11-11T18:30:12+00:00","dateModified":"2025-12-10T13:00:02+00:00","description":"Deportiva Speed Harrow 1.OC marr\u00f3n de la marca BE TENAZ. Disponible en Rinc\u00f3n & Terrier by p\u00f3. Env\u00edo en 48\/72h GRATIS en todas las compras.","breadcrumb":{"@id":"https:\/\/www.rincondepo.com\/index.php\/product\/deportiva-olhamar-1-oc-ntr-bl-verde-be-tenaz\/#breadcrumb"},"inLanguage":"es","potentialAction":[{"@type":"ReadAction","target":["https:\/\/www.rincondepo.com\/index.php\/product\/deportiva-olhamar-1-oc-ntr-bl-verde-be-tenaz\/"]}]},{"@type":"BreadcrumbList","@id":"https:\/\/www.rincondepo.com\/index.php\/product\/deportiva-olhamar-1-oc-ntr-bl-verde-be-tenaz\/#breadcrumb","itemListElement":[{"@type":"ListItem","position":1,"name":"Portada","item":"https:\/\/www.rincondepo.com\/"},{"@type":"ListItem","position":2,"name":"Tienda","item":"https:\/\/www.rincondepo.com\/index.php\/shop\/"},{"@type":"ListItem","position":3,"name":"Deportiva Olhamar 1.OC Ntr Bl + verde \u00b7 BE TENAZ"}]},{"@type":"WebSite","@id":"https:\/\/www.rincondepo.com\/#website","url":"https:\/\/www.rincondepo.com\/","name":"Tienda Online","description":"Tu tienda de confianza","potentialAction":[{"@type":"SearchAction","target":{"@type":"EntryPoint","urlTemplate":"https:\/\/www.rincondepo.com\/?s={search_term_string}"},"query-input":"required name=search_term_string"}],"inLanguage":"es"}]}},"_links":{"self":[{"href":"https:\/\/www.rincondepo.com\/index.php\/wp-json\/wp\/v2\/product\/15359"}],"collection":[{"href":"https:\/\/www.rincondepo.com\/index.php\/wp-json\/wp\/v2\/product"}],"about":[{"href":"https:\/\/www.rincondepo.com\/index.php\/wp-json\/wp\/v2\/types\/product"}],"wp:featuredmedia":[{"embeddable":true,"href":"https:\/\/www.rincondepo.com\/index.php\/wp-json\/wp\/v2\/media\/15362"}],"wp:attachment":[{"href":"https:\/\/www.rincondepo.com\/index.php\/wp-json\/wp\/v2\/media?parent=15359"}],"wp:term":[{"taxonomy":"product_cat","embeddable":true,"href":"https:\/\/www.rincondepo.com\/index.php\/wp-json\/wp\/v2\/product_cat?post=15359"},{"taxonomy":"product_tag","embeddable":true,"href":"https:\/\/www.rincondepo.com\/index.php\/wp-json\/wp\/v2\/product_tag?post=15359"}],"curies":[{"name":"wp","href":"https:\/\/api.w.org\/{rel}","templated":true}]}}