{"id":15899,"date":"2026-02-18T17:16:05","date_gmt":"2026-02-18T17:16:05","guid":{"rendered":"https:\/\/www.rincondepo.com\/?post_type=product&#038;p=15899"},"modified":"2026-03-21T17:23:27","modified_gmt":"2026-03-21T17:23:27","slug":"deportiva-con-suela-plataforma-hi-max-01-plateada-munich","status":"publish","type":"product","link":"https:\/\/www.rincondepo.com\/index.php\/product\/deportiva-con-suela-plataforma-hi-max-01-plateada-munich\/","title":{"rendered":"Deportiva con suela plataforma HI-MAX 01 plateada  \u00b7 MUNICH"},"content":{"rendered":"<p>Deportiva con suela plataforma HI-MAX 01 plateada MUNICH. Pertenece a la temporada Primavera \/ Verano 2026.<\/p>\n<p>La MUNICH HI-MAX 01 ha sido dise\u00f1ada para ofrecer m\u00e1ximo confort en cada paso, combinando una est\u00e9tica deportiva cl\u00e1sica con acabados contempor\u00e1neos de alto impacto.<\/p>\n<p>Este modelo destaca por su upper en color plata metalizado con texturas de efecto piel de serpiente y costuras en zigzag, montado sobre una generosa suela de plataforma en tono crema que estiliza la figura sin perder estabilidad.<\/p>\n<p>Por \u00faltimo, combina con un look urbano diario, acudir a reuniones informales con un toque de brillo o caminar con total comodidad durante largas jornadas de turismo por la ciudad gracias a su volumen amortiguado y sujeci\u00f3n mediante cordones t\u00e9cnicos.<\/p>\n","protected":false},"excerpt":{"rendered":"<p>Deportiva con suela plataforma HI-MAX 01 plateada MUNICH.<\/p>\n<p>Pertenece a la temporada Primavera \/ Verano 2026.<\/p>\n","protected":false},"featured_media":15902,"template":"","meta":{"_joinchat":[]},"product_cat":[423,110],"product_tag":[563,126,581],"yoast_head":"<!-- This site is optimized with the Yoast SEO plugin v20.10 - https:\/\/yoast.com\/wordpress\/plugins\/seo\/ -->\n<title>Deportiva con suela plataforma HI-MAX 01 plateada \u00b7 MUNICH - Tienda Online<\/title>\n<meta name=\"description\" content=\"Deportiva con suela plataforma HI-MAX 01 plateada de la marca MUNICH. Disponible en Rinc\u00f3n &amp; Terrier by p\u00f3. Env\u00edo en 48\/72h GRATIS en todas las compras.\" \/>\n<meta name=\"robots\" content=\"index, follow, max-snippet:-1, max-image-preview:large, max-video-preview:-1\" \/>\n<link rel=\"canonical\" href=\"https:\/\/www.rincondepo.com\/index.php\/product\/deportiva-con-suela-plataforma-hi-max-01-plateada-munich\/\" \/>\n<meta property=\"og:locale\" content=\"es_ES\" \/>\n<meta property=\"og:type\" content=\"article\" \/>\n<meta property=\"og:title\" content=\"Deportiva con suela plataforma HI-MAX 01 plateada \u00b7 MUNICH - Tienda Online\" \/>\n<meta property=\"og:description\" content=\"Deportiva con suela plataforma HI-MAX 01 plateada de la marca MUNICH. Disponible en Rinc\u00f3n &amp; Terrier by p\u00f3. Env\u00edo en 48\/72h GRATIS en todas las compras.\" \/>\n<meta property=\"og:url\" content=\"https:\/\/www.rincondepo.com\/index.php\/product\/deportiva-con-suela-plataforma-hi-max-01-plateada-munich\/\" \/>\n<meta property=\"og:site_name\" content=\"Tienda Online\" \/>\n<meta property=\"article:modified_time\" content=\"2026-03-21T17:23:27+00:00\" \/>\n<meta property=\"og:image\" content=\"https:\/\/www.rincondepo.com\/wp-content\/uploads\/2026\/02\/8281001-02-L.jpg\" \/>\n\t<meta property=\"og:image:width\" content=\"1700\" \/>\n\t<meta property=\"og:image:height\" content=\"1700\" \/>\n\t<meta property=\"og:image:type\" content=\"image\/jpeg\" \/>\n<meta name=\"twitter:card\" content=\"summary_large_image\" \/>\n<meta name=\"twitter:label1\" content=\"Tiempo de lectura\" \/>\n\t<meta name=\"twitter:data1\" content=\"1 minuto\" \/>\n<script type=\"application\/ld+json\" class=\"yoast-schema-graph\">{\"@context\":\"https:\/\/schema.org\",\"@graph\":[{\"@type\":\"WebPage\",\"@id\":\"https:\/\/www.rincondepo.com\/index.php\/product\/deportiva-con-suela-plataforma-hi-max-01-plateada-munich\/\",\"url\":\"https:\/\/www.rincondepo.com\/index.php\/product\/deportiva-con-suela-plataforma-hi-max-01-plateada-munich\/\",\"name\":\"Deportiva con suela plataforma HI-MAX 01 plateada \u00b7 MUNICH - Tienda Online\",\"isPartOf\":{\"@id\":\"https:\/\/www.rincondepo.com\/#website\"},\"datePublished\":\"2026-02-18T17:16:05+00:00\",\"dateModified\":\"2026-03-21T17:23:27+00:00\",\"description\":\"Deportiva con suela plataforma HI-MAX 01 plateada de la marca MUNICH. Disponible en Rinc\u00f3n & Terrier by p\u00f3. Env\u00edo en 48\/72h GRATIS en todas las compras.\",\"breadcrumb\":{\"@id\":\"https:\/\/www.rincondepo.com\/index.php\/product\/deportiva-con-suela-plataforma-hi-max-01-plateada-munich\/#breadcrumb\"},\"inLanguage\":\"es\",\"potentialAction\":[{\"@type\":\"ReadAction\",\"target\":[\"https:\/\/www.rincondepo.com\/index.php\/product\/deportiva-con-suela-plataforma-hi-max-01-plateada-munich\/\"]}]},{\"@type\":\"BreadcrumbList\",\"@id\":\"https:\/\/www.rincondepo.com\/index.php\/product\/deportiva-con-suela-plataforma-hi-max-01-plateada-munich\/#breadcrumb\",\"itemListElement\":[{\"@type\":\"ListItem\",\"position\":1,\"name\":\"Portada\",\"item\":\"https:\/\/www.rincondepo.com\/\"},{\"@type\":\"ListItem\",\"position\":2,\"name\":\"Tienda\",\"item\":\"https:\/\/www.rincondepo.com\/index.php\/shop\/\"},{\"@type\":\"ListItem\",\"position\":3,\"name\":\"Deportiva con suela plataforma HI-MAX 01 plateada \u00b7 MUNICH\"}]},{\"@type\":\"WebSite\",\"@id\":\"https:\/\/www.rincondepo.com\/#website\",\"url\":\"https:\/\/www.rincondepo.com\/\",\"name\":\"Tienda Online\",\"description\":\"Tu tienda de confianza\",\"potentialAction\":[{\"@type\":\"SearchAction\",\"target\":{\"@type\":\"EntryPoint\",\"urlTemplate\":\"https:\/\/www.rincondepo.com\/?s={search_term_string}\"},\"query-input\":\"required name=search_term_string\"}],\"inLanguage\":\"es\"}]}<\/script>\n<!-- \/ Yoast SEO plugin. -->","yoast_head_json":{"title":"Deportiva con suela plataforma HI-MAX 01 plateada \u00b7 MUNICH - Tienda Online","description":"Deportiva con suela plataforma HI-MAX 01 plateada de la marca MUNICH. Disponible en Rinc\u00f3n & Terrier by p\u00f3. Env\u00edo en 48\/72h GRATIS en todas las compras.","robots":{"index":"index","follow":"follow","max-snippet":"max-snippet:-1","max-image-preview":"max-image-preview:large","max-video-preview":"max-video-preview:-1"},"canonical":"https:\/\/www.rincondepo.com\/index.php\/product\/deportiva-con-suela-plataforma-hi-max-01-plateada-munich\/","og_locale":"es_ES","og_type":"article","og_title":"Deportiva con suela plataforma HI-MAX 01 plateada \u00b7 MUNICH - Tienda Online","og_description":"Deportiva con suela plataforma HI-MAX 01 plateada de la marca MUNICH. Disponible en Rinc\u00f3n & Terrier by p\u00f3. Env\u00edo en 48\/72h GRATIS en todas las compras.","og_url":"https:\/\/www.rincondepo.com\/index.php\/product\/deportiva-con-suela-plataforma-hi-max-01-plateada-munich\/","og_site_name":"Tienda Online","article_modified_time":"2026-03-21T17:23:27+00:00","og_image":[{"width":1700,"height":1700,"url":"https:\/\/www.rincondepo.com\/wp-content\/uploads\/2026\/02\/8281001-02-L.jpg","type":"image\/jpeg"}],"twitter_card":"summary_large_image","twitter_misc":{"Tiempo de lectura":"1 minuto"},"schema":{"@context":"https:\/\/schema.org","@graph":[{"@type":"WebPage","@id":"https:\/\/www.rincondepo.com\/index.php\/product\/deportiva-con-suela-plataforma-hi-max-01-plateada-munich\/","url":"https:\/\/www.rincondepo.com\/index.php\/product\/deportiva-con-suela-plataforma-hi-max-01-plateada-munich\/","name":"Deportiva con suela plataforma HI-MAX 01 plateada \u00b7 MUNICH - Tienda Online","isPartOf":{"@id":"https:\/\/www.rincondepo.com\/#website"},"datePublished":"2026-02-18T17:16:05+00:00","dateModified":"2026-03-21T17:23:27+00:00","description":"Deportiva con suela plataforma HI-MAX 01 plateada de la marca MUNICH. Disponible en Rinc\u00f3n & Terrier by p\u00f3. Env\u00edo en 48\/72h GRATIS en todas las compras.","breadcrumb":{"@id":"https:\/\/www.rincondepo.com\/index.php\/product\/deportiva-con-suela-plataforma-hi-max-01-plateada-munich\/#breadcrumb"},"inLanguage":"es","potentialAction":[{"@type":"ReadAction","target":["https:\/\/www.rincondepo.com\/index.php\/product\/deportiva-con-suela-plataforma-hi-max-01-plateada-munich\/"]}]},{"@type":"BreadcrumbList","@id":"https:\/\/www.rincondepo.com\/index.php\/product\/deportiva-con-suela-plataforma-hi-max-01-plateada-munich\/#breadcrumb","itemListElement":[{"@type":"ListItem","position":1,"name":"Portada","item":"https:\/\/www.rincondepo.com\/"},{"@type":"ListItem","position":2,"name":"Tienda","item":"https:\/\/www.rincondepo.com\/index.php\/shop\/"},{"@type":"ListItem","position":3,"name":"Deportiva con suela plataforma HI-MAX 01 plateada \u00b7 MUNICH"}]},{"@type":"WebSite","@id":"https:\/\/www.rincondepo.com\/#website","url":"https:\/\/www.rincondepo.com\/","name":"Tienda Online","description":"Tu tienda de confianza","potentialAction":[{"@type":"SearchAction","target":{"@type":"EntryPoint","urlTemplate":"https:\/\/www.rincondepo.com\/?s={search_term_string}"},"query-input":"required name=search_term_string"}],"inLanguage":"es"}]}},"_links":{"self":[{"href":"https:\/\/www.rincondepo.com\/index.php\/wp-json\/wp\/v2\/product\/15899"}],"collection":[{"href":"https:\/\/www.rincondepo.com\/index.php\/wp-json\/wp\/v2\/product"}],"about":[{"href":"https:\/\/www.rincondepo.com\/index.php\/wp-json\/wp\/v2\/types\/product"}],"wp:featuredmedia":[{"embeddable":true,"href":"https:\/\/www.rincondepo.com\/index.php\/wp-json\/wp\/v2\/media\/15902"}],"wp:attachment":[{"href":"https:\/\/www.rincondepo.com\/index.php\/wp-json\/wp\/v2\/media?parent=15899"}],"wp:term":[{"taxonomy":"product_cat","embeddable":true,"href":"https:\/\/www.rincondepo.com\/index.php\/wp-json\/wp\/v2\/product_cat?post=15899"},{"taxonomy":"product_tag","embeddable":true,"href":"https:\/\/www.rincondepo.com\/index.php\/wp-json\/wp\/v2\/product_tag?post=15899"}],"curies":[{"name":"wp","href":"https:\/\/api.w.org\/{rel}","templated":true}]}}