{"id":16021,"date":"2026-02-23T11:05:15","date_gmt":"2026-02-23T11:05:15","guid":{"rendered":"https:\/\/www.rincondepo.com\/?post_type=product&#038;p=16021"},"modified":"2026-02-23T11:07:01","modified_gmt":"2026-02-23T11:07:01","slug":"polo-by-100-yards-rihno-blanco-lasal","status":"publish","type":"product","link":"https:\/\/www.rincondepo.com\/index.php\/product\/polo-by-100-yards-rihno-blanco-lasal\/","title":{"rendered":"Polo by 100 Yards Rihno blanco \u00b7 LASAL"},"content":{"rendered":"<p>Polo by 100 Yards Rihno blanco LASAL. Ediciones Limitadas Numeradas (100 unidades) por lo que las numeramos una a una.<\/p>\n<p>Polo formato casual street.<\/p>\n<p>Cuello con cierre de 2 botones.<\/p>\n<p>Cintura con aperturas laterales.<\/p>\n<p>Manga corta con rib.<\/p>\n<p>Estampaci\u00f3n delantera en digital.<\/p>\n<p>Etiqueta pl\u00e1stica cosida en la prenda.<\/p>\n<p>Nastro en los colores de la firma.<\/p>\n<p>Numeraci\u00f3n de &#8220;Limited Edition&#8221; bordada en el pecho.<\/p>\n<p>DISE\u00d1ADA EN ESPA\u00d1A. HECHA EN LA PEN\u00cdNSULA.<\/p>\n<p>Composici\u00f3n: 100% Algod\u00f3n de 220gr.<\/p>\n<p>Por \u00faltimo, combina con pantal\u00f3n jogger -chino y deportivas.<\/p>\n","protected":false},"excerpt":{"rendered":"<p>Polo by 100 Yards Rihno blanco LASAL.<\/p>\n<p>Ediciones Limitadas Numeradas (100 unidades) por lo que las numeramos una a una.<\/p>\n","protected":false},"featured_media":16023,"template":"","meta":{"_joinchat":[]},"product_cat":[423,88,95],"product_tag":[224,266],"yoast_head":"<!-- This site is optimized with the Yoast SEO plugin v20.10 - https:\/\/yoast.com\/wordpress\/plugins\/seo\/ -->\n<title>Polo by 100 Yards Rihno blanco \u00b7 LASAL - Tienda Online<\/title>\n<meta name=\"description\" content=\"Polo by 100 Yards Rihno blanco de la marca LASAL. Disponible en Rinc\u00f3n &amp; Terrier by p\u00f3. Env\u00edo en 48\/72h GRATIS en todas las compras\" \/>\n<meta name=\"robots\" content=\"index, follow, max-snippet:-1, max-image-preview:large, max-video-preview:-1\" \/>\n<link rel=\"canonical\" href=\"https:\/\/www.rincondepo.com\/index.php\/product\/polo-by-100-yards-rihno-blanco-lasal\/\" \/>\n<meta property=\"og:locale\" content=\"es_ES\" \/>\n<meta property=\"og:type\" content=\"article\" \/>\n<meta property=\"og:title\" content=\"Polo by 100 Yards Rihno blanco \u00b7 LASAL - Tienda Online\" \/>\n<meta property=\"og:description\" content=\"Polo by 100 Yards Rihno blanco de la marca LASAL. Disponible en Rinc\u00f3n &amp; Terrier by p\u00f3. Env\u00edo en 48\/72h GRATIS en todas las compras\" \/>\n<meta property=\"og:url\" content=\"https:\/\/www.rincondepo.com\/index.php\/product\/polo-by-100-yards-rihno-blanco-lasal\/\" \/>\n<meta property=\"og:site_name\" content=\"Tienda Online\" \/>\n<meta property=\"article:modified_time\" content=\"2026-02-23T11:07:01+00:00\" \/>\n<meta property=\"og:image\" content=\"https:\/\/www.rincondepo.com\/wp-content\/uploads\/2026\/02\/polo-de-hombre-lasal-by-100-yardas-rinho-blanco-1.jpg\" \/>\n\t<meta property=\"og:image:width\" content=\"800\" \/>\n\t<meta property=\"og:image:height\" content=\"1202\" \/>\n\t<meta property=\"og:image:type\" content=\"image\/jpeg\" \/>\n<meta name=\"twitter:card\" content=\"summary_large_image\" \/>\n<meta name=\"twitter:label1\" content=\"Tiempo de lectura\" \/>\n\t<meta name=\"twitter:data1\" content=\"1 minuto\" \/>\n<script type=\"application\/ld+json\" class=\"yoast-schema-graph\">{\"@context\":\"https:\/\/schema.org\",\"@graph\":[{\"@type\":\"WebPage\",\"@id\":\"https:\/\/www.rincondepo.com\/index.php\/product\/polo-by-100-yards-rihno-blanco-lasal\/\",\"url\":\"https:\/\/www.rincondepo.com\/index.php\/product\/polo-by-100-yards-rihno-blanco-lasal\/\",\"name\":\"Polo by 100 Yards Rihno blanco \u00b7 LASAL - Tienda Online\",\"isPartOf\":{\"@id\":\"https:\/\/www.rincondepo.com\/#website\"},\"datePublished\":\"2026-02-23T11:05:15+00:00\",\"dateModified\":\"2026-02-23T11:07:01+00:00\",\"description\":\"Polo by 100 Yards Rihno blanco de la marca LASAL. Disponible en Rinc\u00f3n & Terrier by p\u00f3. Env\u00edo en 48\/72h GRATIS en todas las compras\",\"breadcrumb\":{\"@id\":\"https:\/\/www.rincondepo.com\/index.php\/product\/polo-by-100-yards-rihno-blanco-lasal\/#breadcrumb\"},\"inLanguage\":\"es\",\"potentialAction\":[{\"@type\":\"ReadAction\",\"target\":[\"https:\/\/www.rincondepo.com\/index.php\/product\/polo-by-100-yards-rihno-blanco-lasal\/\"]}]},{\"@type\":\"BreadcrumbList\",\"@id\":\"https:\/\/www.rincondepo.com\/index.php\/product\/polo-by-100-yards-rihno-blanco-lasal\/#breadcrumb\",\"itemListElement\":[{\"@type\":\"ListItem\",\"position\":1,\"name\":\"Portada\",\"item\":\"https:\/\/www.rincondepo.com\/\"},{\"@type\":\"ListItem\",\"position\":2,\"name\":\"Tienda\",\"item\":\"https:\/\/www.rincondepo.com\/index.php\/shop\/\"},{\"@type\":\"ListItem\",\"position\":3,\"name\":\"Polo by 100 Yards Rihno blanco \u00b7 LASAL\"}]},{\"@type\":\"WebSite\",\"@id\":\"https:\/\/www.rincondepo.com\/#website\",\"url\":\"https:\/\/www.rincondepo.com\/\",\"name\":\"Tienda Online\",\"description\":\"Tu tienda de confianza\",\"potentialAction\":[{\"@type\":\"SearchAction\",\"target\":{\"@type\":\"EntryPoint\",\"urlTemplate\":\"https:\/\/www.rincondepo.com\/?s={search_term_string}\"},\"query-input\":\"required name=search_term_string\"}],\"inLanguage\":\"es\"}]}<\/script>\n<!-- \/ Yoast SEO plugin. -->","yoast_head_json":{"title":"Polo by 100 Yards Rihno blanco \u00b7 LASAL - Tienda Online","description":"Polo by 100 Yards Rihno blanco de la marca LASAL. Disponible en Rinc\u00f3n & Terrier by p\u00f3. Env\u00edo en 48\/72h GRATIS en todas las compras","robots":{"index":"index","follow":"follow","max-snippet":"max-snippet:-1","max-image-preview":"max-image-preview:large","max-video-preview":"max-video-preview:-1"},"canonical":"https:\/\/www.rincondepo.com\/index.php\/product\/polo-by-100-yards-rihno-blanco-lasal\/","og_locale":"es_ES","og_type":"article","og_title":"Polo by 100 Yards Rihno blanco \u00b7 LASAL - Tienda Online","og_description":"Polo by 100 Yards Rihno blanco de la marca LASAL. Disponible en Rinc\u00f3n & Terrier by p\u00f3. Env\u00edo en 48\/72h GRATIS en todas las compras","og_url":"https:\/\/www.rincondepo.com\/index.php\/product\/polo-by-100-yards-rihno-blanco-lasal\/","og_site_name":"Tienda Online","article_modified_time":"2026-02-23T11:07:01+00:00","og_image":[{"width":800,"height":1202,"url":"https:\/\/www.rincondepo.com\/wp-content\/uploads\/2026\/02\/polo-de-hombre-lasal-by-100-yardas-rinho-blanco-1.jpg","type":"image\/jpeg"}],"twitter_card":"summary_large_image","twitter_misc":{"Tiempo de lectura":"1 minuto"},"schema":{"@context":"https:\/\/schema.org","@graph":[{"@type":"WebPage","@id":"https:\/\/www.rincondepo.com\/index.php\/product\/polo-by-100-yards-rihno-blanco-lasal\/","url":"https:\/\/www.rincondepo.com\/index.php\/product\/polo-by-100-yards-rihno-blanco-lasal\/","name":"Polo by 100 Yards Rihno blanco \u00b7 LASAL - Tienda Online","isPartOf":{"@id":"https:\/\/www.rincondepo.com\/#website"},"datePublished":"2026-02-23T11:05:15+00:00","dateModified":"2026-02-23T11:07:01+00:00","description":"Polo by 100 Yards Rihno blanco de la marca LASAL. Disponible en Rinc\u00f3n & Terrier by p\u00f3. Env\u00edo en 48\/72h GRATIS en todas las compras","breadcrumb":{"@id":"https:\/\/www.rincondepo.com\/index.php\/product\/polo-by-100-yards-rihno-blanco-lasal\/#breadcrumb"},"inLanguage":"es","potentialAction":[{"@type":"ReadAction","target":["https:\/\/www.rincondepo.com\/index.php\/product\/polo-by-100-yards-rihno-blanco-lasal\/"]}]},{"@type":"BreadcrumbList","@id":"https:\/\/www.rincondepo.com\/index.php\/product\/polo-by-100-yards-rihno-blanco-lasal\/#breadcrumb","itemListElement":[{"@type":"ListItem","position":1,"name":"Portada","item":"https:\/\/www.rincondepo.com\/"},{"@type":"ListItem","position":2,"name":"Tienda","item":"https:\/\/www.rincondepo.com\/index.php\/shop\/"},{"@type":"ListItem","position":3,"name":"Polo by 100 Yards Rihno blanco \u00b7 LASAL"}]},{"@type":"WebSite","@id":"https:\/\/www.rincondepo.com\/#website","url":"https:\/\/www.rincondepo.com\/","name":"Tienda Online","description":"Tu tienda de confianza","potentialAction":[{"@type":"SearchAction","target":{"@type":"EntryPoint","urlTemplate":"https:\/\/www.rincondepo.com\/?s={search_term_string}"},"query-input":"required name=search_term_string"}],"inLanguage":"es"}]}},"_links":{"self":[{"href":"https:\/\/www.rincondepo.com\/index.php\/wp-json\/wp\/v2\/product\/16021"}],"collection":[{"href":"https:\/\/www.rincondepo.com\/index.php\/wp-json\/wp\/v2\/product"}],"about":[{"href":"https:\/\/www.rincondepo.com\/index.php\/wp-json\/wp\/v2\/types\/product"}],"wp:featuredmedia":[{"embeddable":true,"href":"https:\/\/www.rincondepo.com\/index.php\/wp-json\/wp\/v2\/media\/16023"}],"wp:attachment":[{"href":"https:\/\/www.rincondepo.com\/index.php\/wp-json\/wp\/v2\/media?parent=16021"}],"wp:term":[{"taxonomy":"product_cat","embeddable":true,"href":"https:\/\/www.rincondepo.com\/index.php\/wp-json\/wp\/v2\/product_cat?post=16021"},{"taxonomy":"product_tag","embeddable":true,"href":"https:\/\/www.rincondepo.com\/index.php\/wp-json\/wp\/v2\/product_tag?post=16021"}],"curies":[{"name":"wp","href":"https:\/\/api.w.org\/{rel}","templated":true}]}}