{"id":16284,"date":"2026-04-07T10:43:27","date_gmt":"2026-04-07T10:43:27","guid":{"rendered":"https:\/\/www.rincondepo.com\/?post_type=product&#038;p=16284"},"modified":"2026-04-07T10:43:27","modified_gmt":"2026-04-07T10:43:27","slug":"sudadera-negra-skull-hello-kity-puchita-by-po","status":"publish","type":"product","link":"https:\/\/www.rincondepo.com\/index.php\/product\/sudadera-negra-skull-hello-kity-puchita-by-po\/","title":{"rendered":"Sudadera negra Skull Hello Kity \u00b7 PUCHITA BY PO"},"content":{"rendered":"<p>Sudadera negra Skull Hello Kity PUCHITA BY PO. Pertenece a la colecci\u00f3n capsula de Puchita by p\u00f3.<\/p>\n<p>Dale un giro a tu estilo con esta sudadera negra de dise\u00f1o urbano y atrevido.<\/p>\n<p>Su estampado en la espalda combina lo ic\u00f3nico con lo rebelde, creando una pieza que no pasa desapercibida.<\/p>\n<p>Corte c\u00f3modo.<\/p>\n<p>Dise\u00f1o exclusivo tipo street art.<\/p>\n<p>Perfecto para looks casuales con personalidad.<\/p>\n<p>Haz que tu outfit hable por ti.<\/p>\n<p>Composici\u00f3n: 100% Poli\u00e9ster.<\/p>\n","protected":false},"excerpt":{"rendered":"<p>Sudadera negra Skull Hello Kity PUCHITA BY PO.<\/p>\n<p>Pertenece a la colecci\u00f3n capsula de Puchita by p\u00f3.<\/p>\n","protected":false},"featured_media":16287,"template":"","meta":{"_joinchat":[]},"product_cat":[423,89,116],"product_tag":[229,249,602],"yoast_head":"<!-- This site is optimized with the Yoast SEO plugin v20.10 - https:\/\/yoast.com\/wordpress\/plugins\/seo\/ -->\n<title>Sudadera negra Skull Hello Kity \u00b7 PUCHITA BY PO - Tienda Online<\/title>\n<meta name=\"description\" content=\"Sudadera negra Skull Hello Kity de la marca PUCHITA BY PO. Disponible en Rinc\u00f3n &amp; Terrier by p\u00f3. Env\u00edo en 48\/72h GRATIS en todas las compras.\" \/>\n<meta name=\"robots\" content=\"index, follow, max-snippet:-1, max-image-preview:large, max-video-preview:-1\" \/>\n<link rel=\"canonical\" href=\"https:\/\/www.rincondepo.com\/index.php\/product\/sudadera-negra-skull-hello-kity-puchita-by-po\/\" \/>\n<meta property=\"og:locale\" content=\"es_ES\" \/>\n<meta property=\"og:type\" content=\"article\" \/>\n<meta property=\"og:title\" content=\"Sudadera negra Skull Hello Kity \u00b7 PUCHITA BY PO - Tienda Online\" \/>\n<meta property=\"og:description\" content=\"Sudadera negra Skull Hello Kity de la marca PUCHITA BY PO. Disponible en Rinc\u00f3n &amp; Terrier by p\u00f3. Env\u00edo en 48\/72h GRATIS en todas las compras.\" \/>\n<meta property=\"og:url\" content=\"https:\/\/www.rincondepo.com\/index.php\/product\/sudadera-negra-skull-hello-kity-puchita-by-po\/\" \/>\n<meta property=\"og:site_name\" content=\"Tienda Online\" \/>\n<meta property=\"og:image\" content=\"https:\/\/www.rincondepo.com\/wp-content\/uploads\/2026\/04\/sudadera-negra.png\" \/>\n\t<meta property=\"og:image:width\" content=\"489\" \/>\n\t<meta property=\"og:image:height\" content=\"710\" \/>\n\t<meta property=\"og:image:type\" content=\"image\/png\" \/>\n<meta name=\"twitter:card\" content=\"summary_large_image\" \/>\n<meta name=\"twitter:label1\" content=\"Tiempo de lectura\" \/>\n\t<meta name=\"twitter:data1\" content=\"1 minuto\" \/>\n<script type=\"application\/ld+json\" class=\"yoast-schema-graph\">{\"@context\":\"https:\/\/schema.org\",\"@graph\":[{\"@type\":\"WebPage\",\"@id\":\"https:\/\/www.rincondepo.com\/index.php\/product\/sudadera-negra-skull-hello-kity-puchita-by-po\/\",\"url\":\"https:\/\/www.rincondepo.com\/index.php\/product\/sudadera-negra-skull-hello-kity-puchita-by-po\/\",\"name\":\"Sudadera negra Skull Hello Kity \u00b7 PUCHITA BY PO - Tienda Online\",\"isPartOf\":{\"@id\":\"https:\/\/www.rincondepo.com\/#website\"},\"datePublished\":\"2026-04-07T10:43:27+00:00\",\"dateModified\":\"2026-04-07T10:43:27+00:00\",\"description\":\"Sudadera negra Skull Hello Kity de la marca PUCHITA BY PO. Disponible en Rinc\u00f3n & Terrier by p\u00f3. Env\u00edo en 48\/72h GRATIS en todas las compras.\",\"breadcrumb\":{\"@id\":\"https:\/\/www.rincondepo.com\/index.php\/product\/sudadera-negra-skull-hello-kity-puchita-by-po\/#breadcrumb\"},\"inLanguage\":\"es\",\"potentialAction\":[{\"@type\":\"ReadAction\",\"target\":[\"https:\/\/www.rincondepo.com\/index.php\/product\/sudadera-negra-skull-hello-kity-puchita-by-po\/\"]}]},{\"@type\":\"BreadcrumbList\",\"@id\":\"https:\/\/www.rincondepo.com\/index.php\/product\/sudadera-negra-skull-hello-kity-puchita-by-po\/#breadcrumb\",\"itemListElement\":[{\"@type\":\"ListItem\",\"position\":1,\"name\":\"Portada\",\"item\":\"https:\/\/www.rincondepo.com\/\"},{\"@type\":\"ListItem\",\"position\":2,\"name\":\"Tienda\",\"item\":\"https:\/\/www.rincondepo.com\/index.php\/shop\/\"},{\"@type\":\"ListItem\",\"position\":3,\"name\":\"Sudadera negra Skull Hello Kity \u00b7 PUCHITA BY PO\"}]},{\"@type\":\"WebSite\",\"@id\":\"https:\/\/www.rincondepo.com\/#website\",\"url\":\"https:\/\/www.rincondepo.com\/\",\"name\":\"Tienda Online\",\"description\":\"Tu tienda de confianza\",\"potentialAction\":[{\"@type\":\"SearchAction\",\"target\":{\"@type\":\"EntryPoint\",\"urlTemplate\":\"https:\/\/www.rincondepo.com\/?s={search_term_string}\"},\"query-input\":\"required name=search_term_string\"}],\"inLanguage\":\"es\"}]}<\/script>\n<!-- \/ Yoast SEO plugin. -->","yoast_head_json":{"title":"Sudadera negra Skull Hello Kity \u00b7 PUCHITA BY PO - Tienda Online","description":"Sudadera negra Skull Hello Kity de la marca PUCHITA BY PO. Disponible en Rinc\u00f3n & Terrier by p\u00f3. Env\u00edo en 48\/72h GRATIS en todas las compras.","robots":{"index":"index","follow":"follow","max-snippet":"max-snippet:-1","max-image-preview":"max-image-preview:large","max-video-preview":"max-video-preview:-1"},"canonical":"https:\/\/www.rincondepo.com\/index.php\/product\/sudadera-negra-skull-hello-kity-puchita-by-po\/","og_locale":"es_ES","og_type":"article","og_title":"Sudadera negra Skull Hello Kity \u00b7 PUCHITA BY PO - Tienda Online","og_description":"Sudadera negra Skull Hello Kity de la marca PUCHITA BY PO. Disponible en Rinc\u00f3n & Terrier by p\u00f3. Env\u00edo en 48\/72h GRATIS en todas las compras.","og_url":"https:\/\/www.rincondepo.com\/index.php\/product\/sudadera-negra-skull-hello-kity-puchita-by-po\/","og_site_name":"Tienda Online","og_image":[{"width":489,"height":710,"url":"https:\/\/www.rincondepo.com\/wp-content\/uploads\/2026\/04\/sudadera-negra.png","type":"image\/png"}],"twitter_card":"summary_large_image","twitter_misc":{"Tiempo de lectura":"1 minuto"},"schema":{"@context":"https:\/\/schema.org","@graph":[{"@type":"WebPage","@id":"https:\/\/www.rincondepo.com\/index.php\/product\/sudadera-negra-skull-hello-kity-puchita-by-po\/","url":"https:\/\/www.rincondepo.com\/index.php\/product\/sudadera-negra-skull-hello-kity-puchita-by-po\/","name":"Sudadera negra Skull Hello Kity \u00b7 PUCHITA BY PO - Tienda Online","isPartOf":{"@id":"https:\/\/www.rincondepo.com\/#website"},"datePublished":"2026-04-07T10:43:27+00:00","dateModified":"2026-04-07T10:43:27+00:00","description":"Sudadera negra Skull Hello Kity de la marca PUCHITA BY PO. Disponible en Rinc\u00f3n & Terrier by p\u00f3. Env\u00edo en 48\/72h GRATIS en todas las compras.","breadcrumb":{"@id":"https:\/\/www.rincondepo.com\/index.php\/product\/sudadera-negra-skull-hello-kity-puchita-by-po\/#breadcrumb"},"inLanguage":"es","potentialAction":[{"@type":"ReadAction","target":["https:\/\/www.rincondepo.com\/index.php\/product\/sudadera-negra-skull-hello-kity-puchita-by-po\/"]}]},{"@type":"BreadcrumbList","@id":"https:\/\/www.rincondepo.com\/index.php\/product\/sudadera-negra-skull-hello-kity-puchita-by-po\/#breadcrumb","itemListElement":[{"@type":"ListItem","position":1,"name":"Portada","item":"https:\/\/www.rincondepo.com\/"},{"@type":"ListItem","position":2,"name":"Tienda","item":"https:\/\/www.rincondepo.com\/index.php\/shop\/"},{"@type":"ListItem","position":3,"name":"Sudadera negra Skull Hello Kity \u00b7 PUCHITA BY PO"}]},{"@type":"WebSite","@id":"https:\/\/www.rincondepo.com\/#website","url":"https:\/\/www.rincondepo.com\/","name":"Tienda Online","description":"Tu tienda de confianza","potentialAction":[{"@type":"SearchAction","target":{"@type":"EntryPoint","urlTemplate":"https:\/\/www.rincondepo.com\/?s={search_term_string}"},"query-input":"required name=search_term_string"}],"inLanguage":"es"}]}},"_links":{"self":[{"href":"https:\/\/www.rincondepo.com\/index.php\/wp-json\/wp\/v2\/product\/16284"}],"collection":[{"href":"https:\/\/www.rincondepo.com\/index.php\/wp-json\/wp\/v2\/product"}],"about":[{"href":"https:\/\/www.rincondepo.com\/index.php\/wp-json\/wp\/v2\/types\/product"}],"wp:featuredmedia":[{"embeddable":true,"href":"https:\/\/www.rincondepo.com\/index.php\/wp-json\/wp\/v2\/media\/16287"}],"wp:attachment":[{"href":"https:\/\/www.rincondepo.com\/index.php\/wp-json\/wp\/v2\/media?parent=16284"}],"wp:term":[{"taxonomy":"product_cat","embeddable":true,"href":"https:\/\/www.rincondepo.com\/index.php\/wp-json\/wp\/v2\/product_cat?post=16284"},{"taxonomy":"product_tag","embeddable":true,"href":"https:\/\/www.rincondepo.com\/index.php\/wp-json\/wp\/v2\/product_tag?post=16284"}],"curies":[{"name":"wp","href":"https:\/\/api.w.org\/{rel}","templated":true}]}}