{"id":16330,"date":"2026-04-13T15:25:49","date_gmt":"2026-04-13T15:25:49","guid":{"rendered":"https:\/\/www.rincondepo.com\/?post_type=product&#038;p=16330"},"modified":"2026-04-13T15:25:50","modified_gmt":"2026-04-13T15:25:50","slug":"llavero-rm-charme-marvin-rue-madam-paris","status":"publish","type":"product","link":"https:\/\/www.rincondepo.com\/index.php\/product\/llavero-rm-charme-marvin-rue-madam-paris\/","title":{"rendered":"Llavero RM Charme Marvin \u00b7 RUE MADAM PARIS"},"content":{"rendered":"<p>Llavero RM Charme Marvin RUE MADAM PARIS. Pertenece a la temporada Primavera \/ Verano 2026.<\/p>\n<p>Llavero con cadena, detalles y colgantes de piel ecol\u00f3gica bicolor, perfecto para un toque elegante y \u00fanico.<\/p>\n<p>Con cierres dorados, se engancha f\u00e1cilmente a bolsos y mochilas, \u00a1a\u00f1adiendo estilo y personalidad!<\/p>\n<p>Composici\u00f3n: 70% Poli\u00e9ster, 30% Aluminio.<\/p>\n","protected":false},"excerpt":{"rendered":"<p>Llavero RM Charme Marvin RUE MADAM PARIS.<\/p>\n<p>Pertenece a la temporada Primavera \/ Verano 2026.<\/p>\n<p>&nbsp;<\/p>\n","protected":false},"featured_media":16332,"template":"","meta":{"_joinchat":[]},"product_cat":[423,109],"product_tag":[570,606,126],"yoast_head":"<!-- This site is optimized with the Yoast SEO plugin v20.10 - https:\/\/yoast.com\/wordpress\/plugins\/seo\/ -->\n<title>Llavero RM Charme Marvin \u00b7 RUE MADAM PARIS - Tienda Online<\/title>\n<meta name=\"description\" content=\"Llavero RM Charme Marvin de la marca RUE MADAM PARIS. Disponible en Rinc\u00f3n &amp; Terrier by p\u00f3. Env\u00edo en 48\/72h GRATIS en todas las compras.\" \/>\n<meta name=\"robots\" content=\"index, follow, max-snippet:-1, max-image-preview:large, max-video-preview:-1\" \/>\n<link rel=\"canonical\" href=\"https:\/\/www.rincondepo.com\/index.php\/product\/llavero-rm-charme-marvin-rue-madam-paris\/\" \/>\n<meta property=\"og:locale\" content=\"es_ES\" \/>\n<meta property=\"og:type\" content=\"article\" \/>\n<meta property=\"og:title\" content=\"Llavero RM Charme Marvin \u00b7 RUE MADAM PARIS - Tienda Online\" \/>\n<meta property=\"og:description\" content=\"Llavero RM Charme Marvin de la marca RUE MADAM PARIS. Disponible en Rinc\u00f3n &amp; Terrier by p\u00f3. Env\u00edo en 48\/72h GRATIS en todas las compras.\" \/>\n<meta property=\"og:url\" content=\"https:\/\/www.rincondepo.com\/index.php\/product\/llavero-rm-charme-marvin-rue-madam-paris\/\" \/>\n<meta property=\"og:site_name\" content=\"Tienda Online\" \/>\n<meta property=\"article:modified_time\" content=\"2026-04-13T15:25:50+00:00\" \/>\n<meta property=\"og:image\" content=\"https:\/\/www.rincondepo.com\/wp-content\/uploads\/2026\/04\/0bbeb1d0-91b1-4cfb-a767-687923de935e-RM_CHARM_MARVIN-PHOTO-1.jpg\" \/>\n\t<meta property=\"og:image:width\" content=\"1000\" \/>\n\t<meta property=\"og:image:height\" content=\"1500\" \/>\n\t<meta property=\"og:image:type\" content=\"image\/jpeg\" \/>\n<meta name=\"twitter:card\" content=\"summary_large_image\" \/>\n<meta name=\"twitter:label1\" content=\"Tiempo de lectura\" \/>\n\t<meta name=\"twitter:data1\" content=\"1 minuto\" \/>\n<script type=\"application\/ld+json\" class=\"yoast-schema-graph\">{\"@context\":\"https:\/\/schema.org\",\"@graph\":[{\"@type\":\"WebPage\",\"@id\":\"https:\/\/www.rincondepo.com\/index.php\/product\/llavero-rm-charme-marvin-rue-madam-paris\/\",\"url\":\"https:\/\/www.rincondepo.com\/index.php\/product\/llavero-rm-charme-marvin-rue-madam-paris\/\",\"name\":\"Llavero RM Charme Marvin \u00b7 RUE MADAM PARIS - Tienda Online\",\"isPartOf\":{\"@id\":\"https:\/\/www.rincondepo.com\/#website\"},\"datePublished\":\"2026-04-13T15:25:49+00:00\",\"dateModified\":\"2026-04-13T15:25:50+00:00\",\"description\":\"Llavero RM Charme Marvin de la marca RUE MADAM PARIS. Disponible en Rinc\u00f3n & Terrier by p\u00f3. Env\u00edo en 48\/72h GRATIS en todas las compras.\",\"breadcrumb\":{\"@id\":\"https:\/\/www.rincondepo.com\/index.php\/product\/llavero-rm-charme-marvin-rue-madam-paris\/#breadcrumb\"},\"inLanguage\":\"es\",\"potentialAction\":[{\"@type\":\"ReadAction\",\"target\":[\"https:\/\/www.rincondepo.com\/index.php\/product\/llavero-rm-charme-marvin-rue-madam-paris\/\"]}]},{\"@type\":\"BreadcrumbList\",\"@id\":\"https:\/\/www.rincondepo.com\/index.php\/product\/llavero-rm-charme-marvin-rue-madam-paris\/#breadcrumb\",\"itemListElement\":[{\"@type\":\"ListItem\",\"position\":1,\"name\":\"Portada\",\"item\":\"https:\/\/www.rincondepo.com\/\"},{\"@type\":\"ListItem\",\"position\":2,\"name\":\"Tienda\",\"item\":\"https:\/\/www.rincondepo.com\/index.php\/shop\/\"},{\"@type\":\"ListItem\",\"position\":3,\"name\":\"Llavero RM Charme Marvin \u00b7 RUE MADAM PARIS\"}]},{\"@type\":\"WebSite\",\"@id\":\"https:\/\/www.rincondepo.com\/#website\",\"url\":\"https:\/\/www.rincondepo.com\/\",\"name\":\"Tienda Online\",\"description\":\"Tu tienda de confianza\",\"potentialAction\":[{\"@type\":\"SearchAction\",\"target\":{\"@type\":\"EntryPoint\",\"urlTemplate\":\"https:\/\/www.rincondepo.com\/?s={search_term_string}\"},\"query-input\":\"required name=search_term_string\"}],\"inLanguage\":\"es\"}]}<\/script>\n<!-- \/ Yoast SEO plugin. -->","yoast_head_json":{"title":"Llavero RM Charme Marvin \u00b7 RUE MADAM PARIS - Tienda Online","description":"Llavero RM Charme Marvin de la marca RUE MADAM PARIS. Disponible en Rinc\u00f3n & Terrier by p\u00f3. Env\u00edo en 48\/72h GRATIS en todas las compras.","robots":{"index":"index","follow":"follow","max-snippet":"max-snippet:-1","max-image-preview":"max-image-preview:large","max-video-preview":"max-video-preview:-1"},"canonical":"https:\/\/www.rincondepo.com\/index.php\/product\/llavero-rm-charme-marvin-rue-madam-paris\/","og_locale":"es_ES","og_type":"article","og_title":"Llavero RM Charme Marvin \u00b7 RUE MADAM PARIS - Tienda Online","og_description":"Llavero RM Charme Marvin de la marca RUE MADAM PARIS. Disponible en Rinc\u00f3n & Terrier by p\u00f3. Env\u00edo en 48\/72h GRATIS en todas las compras.","og_url":"https:\/\/www.rincondepo.com\/index.php\/product\/llavero-rm-charme-marvin-rue-madam-paris\/","og_site_name":"Tienda Online","article_modified_time":"2026-04-13T15:25:50+00:00","og_image":[{"width":1000,"height":1500,"url":"https:\/\/www.rincondepo.com\/wp-content\/uploads\/2026\/04\/0bbeb1d0-91b1-4cfb-a767-687923de935e-RM_CHARM_MARVIN-PHOTO-1.jpg","type":"image\/jpeg"}],"twitter_card":"summary_large_image","twitter_misc":{"Tiempo de lectura":"1 minuto"},"schema":{"@context":"https:\/\/schema.org","@graph":[{"@type":"WebPage","@id":"https:\/\/www.rincondepo.com\/index.php\/product\/llavero-rm-charme-marvin-rue-madam-paris\/","url":"https:\/\/www.rincondepo.com\/index.php\/product\/llavero-rm-charme-marvin-rue-madam-paris\/","name":"Llavero RM Charme Marvin \u00b7 RUE MADAM PARIS - Tienda Online","isPartOf":{"@id":"https:\/\/www.rincondepo.com\/#website"},"datePublished":"2026-04-13T15:25:49+00:00","dateModified":"2026-04-13T15:25:50+00:00","description":"Llavero RM Charme Marvin de la marca RUE MADAM PARIS. Disponible en Rinc\u00f3n & Terrier by p\u00f3. Env\u00edo en 48\/72h GRATIS en todas las compras.","breadcrumb":{"@id":"https:\/\/www.rincondepo.com\/index.php\/product\/llavero-rm-charme-marvin-rue-madam-paris\/#breadcrumb"},"inLanguage":"es","potentialAction":[{"@type":"ReadAction","target":["https:\/\/www.rincondepo.com\/index.php\/product\/llavero-rm-charme-marvin-rue-madam-paris\/"]}]},{"@type":"BreadcrumbList","@id":"https:\/\/www.rincondepo.com\/index.php\/product\/llavero-rm-charme-marvin-rue-madam-paris\/#breadcrumb","itemListElement":[{"@type":"ListItem","position":1,"name":"Portada","item":"https:\/\/www.rincondepo.com\/"},{"@type":"ListItem","position":2,"name":"Tienda","item":"https:\/\/www.rincondepo.com\/index.php\/shop\/"},{"@type":"ListItem","position":3,"name":"Llavero RM Charme Marvin \u00b7 RUE MADAM PARIS"}]},{"@type":"WebSite","@id":"https:\/\/www.rincondepo.com\/#website","url":"https:\/\/www.rincondepo.com\/","name":"Tienda Online","description":"Tu tienda de confianza","potentialAction":[{"@type":"SearchAction","target":{"@type":"EntryPoint","urlTemplate":"https:\/\/www.rincondepo.com\/?s={search_term_string}"},"query-input":"required name=search_term_string"}],"inLanguage":"es"}]}},"_links":{"self":[{"href":"https:\/\/www.rincondepo.com\/index.php\/wp-json\/wp\/v2\/product\/16330"}],"collection":[{"href":"https:\/\/www.rincondepo.com\/index.php\/wp-json\/wp\/v2\/product"}],"about":[{"href":"https:\/\/www.rincondepo.com\/index.php\/wp-json\/wp\/v2\/types\/product"}],"wp:featuredmedia":[{"embeddable":true,"href":"https:\/\/www.rincondepo.com\/index.php\/wp-json\/wp\/v2\/media\/16332"}],"wp:attachment":[{"href":"https:\/\/www.rincondepo.com\/index.php\/wp-json\/wp\/v2\/media?parent=16330"}],"wp:term":[{"taxonomy":"product_cat","embeddable":true,"href":"https:\/\/www.rincondepo.com\/index.php\/wp-json\/wp\/v2\/product_cat?post=16330"},{"taxonomy":"product_tag","embeddable":true,"href":"https:\/\/www.rincondepo.com\/index.php\/wp-json\/wp\/v2\/product_tag?post=16330"}],"curies":[{"name":"wp","href":"https:\/\/api.w.org\/{rel}","templated":true}]}}