{"id":16357,"date":"2026-04-14T17:46:51","date_gmt":"2026-04-14T17:46:51","guid":{"rendered":"https:\/\/www.rincondepo.com\/?post_type=product&#038;p=16357"},"modified":"2026-04-14T17:46:52","modified_gmt":"2026-04-14T17:46:52","slug":"sobrecamisa-negra-urban-poch-garments","status":"publish","type":"product","link":"https:\/\/www.rincondepo.com\/index.php\/product\/sobrecamisa-negra-urban-poch-garments\/","title":{"rendered":"Sobrecamisa negra Urban \u00b7 POCH GARMENTS"},"content":{"rendered":"<p>Sobrecamisa negra Urban POCH GARMENTS.<\/p>\n<p>Prenda de estilo urbano confeccionada en tela c\u00f3moda y resistente.<\/p>\n<p>Color negro con detalles en verde ne\u00f3n.<\/p>\n<p>Corte oversize.<\/p>\n<p>Manga larga.<\/p>\n<p>Bolsillos frontales funcionales con bot\u00f3n.<\/p>\n<p>Detalle bordado en el pecho.<\/p>\n<p>Estampado protagonista en la espalda con contraste en verde ne\u00f3n.<\/p>\n<p>Por \u00faltimo, combina con pantal\u00f3n negro cargo o jogger y deportivas.<\/p>\n<p>&nbsp;<\/p>\n","protected":false},"excerpt":{"rendered":"<p>Sobrecamisa negra Urban POCH GARMENTS.<\/p>\n","protected":false},"featured_media":16360,"template":"","meta":{"_joinchat":[]},"product_cat":[423,88,94],"product_tag":[237,297],"yoast_head":"<!-- This site is optimized with the Yoast SEO plugin v20.10 - https:\/\/yoast.com\/wordpress\/plugins\/seo\/ -->\n<title>Sobrecamisa negra Urban \u00b7 POCH GARMENTS - Tienda Online<\/title>\n<meta name=\"description\" content=\"Sobrecamisa negra Urban de la marca POCH GARMENTS. Disponible en Rinc\u00f3n &amp; Terrier by p\u00f3. Env\u00edo en 48\/72h GRATIS en todas las compras.\" \/>\n<meta name=\"robots\" content=\"index, follow, max-snippet:-1, max-image-preview:large, max-video-preview:-1\" \/>\n<link rel=\"canonical\" href=\"https:\/\/www.rincondepo.com\/index.php\/product\/sobrecamisa-negra-urban-poch-garments\/\" \/>\n<meta property=\"og:locale\" content=\"es_ES\" \/>\n<meta property=\"og:type\" content=\"article\" \/>\n<meta property=\"og:title\" content=\"Sobrecamisa negra Urban \u00b7 POCH GARMENTS - Tienda Online\" \/>\n<meta property=\"og:description\" content=\"Sobrecamisa negra Urban de la marca POCH GARMENTS. Disponible en Rinc\u00f3n &amp; Terrier by p\u00f3. Env\u00edo en 48\/72h GRATIS en todas las compras.\" \/>\n<meta property=\"og:url\" content=\"https:\/\/www.rincondepo.com\/index.php\/product\/sobrecamisa-negra-urban-poch-garments\/\" \/>\n<meta property=\"og:site_name\" content=\"Tienda Online\" \/>\n<meta property=\"article:modified_time\" content=\"2026-04-14T17:46:52+00:00\" \/>\n<meta property=\"og:image\" content=\"https:\/\/www.rincondepo.com\/wp-content\/uploads\/2026\/04\/Captura.png\" \/>\n\t<meta property=\"og:image:width\" content=\"311\" \/>\n\t<meta property=\"og:image:height\" content=\"489\" \/>\n\t<meta property=\"og:image:type\" content=\"image\/png\" \/>\n<meta name=\"twitter:card\" content=\"summary_large_image\" \/>\n<meta name=\"twitter:label1\" content=\"Tiempo de lectura\" \/>\n\t<meta name=\"twitter:data1\" content=\"1 minuto\" \/>\n<script type=\"application\/ld+json\" class=\"yoast-schema-graph\">{\"@context\":\"https:\/\/schema.org\",\"@graph\":[{\"@type\":\"WebPage\",\"@id\":\"https:\/\/www.rincondepo.com\/index.php\/product\/sobrecamisa-negra-urban-poch-garments\/\",\"url\":\"https:\/\/www.rincondepo.com\/index.php\/product\/sobrecamisa-negra-urban-poch-garments\/\",\"name\":\"Sobrecamisa negra Urban \u00b7 POCH GARMENTS - Tienda Online\",\"isPartOf\":{\"@id\":\"https:\/\/www.rincondepo.com\/#website\"},\"datePublished\":\"2026-04-14T17:46:51+00:00\",\"dateModified\":\"2026-04-14T17:46:52+00:00\",\"description\":\"Sobrecamisa negra Urban de la marca POCH GARMENTS. Disponible en Rinc\u00f3n & Terrier by p\u00f3. Env\u00edo en 48\/72h GRATIS en todas las compras.\",\"breadcrumb\":{\"@id\":\"https:\/\/www.rincondepo.com\/index.php\/product\/sobrecamisa-negra-urban-poch-garments\/#breadcrumb\"},\"inLanguage\":\"es\",\"potentialAction\":[{\"@type\":\"ReadAction\",\"target\":[\"https:\/\/www.rincondepo.com\/index.php\/product\/sobrecamisa-negra-urban-poch-garments\/\"]}]},{\"@type\":\"BreadcrumbList\",\"@id\":\"https:\/\/www.rincondepo.com\/index.php\/product\/sobrecamisa-negra-urban-poch-garments\/#breadcrumb\",\"itemListElement\":[{\"@type\":\"ListItem\",\"position\":1,\"name\":\"Portada\",\"item\":\"https:\/\/www.rincondepo.com\/\"},{\"@type\":\"ListItem\",\"position\":2,\"name\":\"Tienda\",\"item\":\"https:\/\/www.rincondepo.com\/index.php\/shop\/\"},{\"@type\":\"ListItem\",\"position\":3,\"name\":\"Sobrecamisa negra Urban \u00b7 POCH GARMENTS\"}]},{\"@type\":\"WebSite\",\"@id\":\"https:\/\/www.rincondepo.com\/#website\",\"url\":\"https:\/\/www.rincondepo.com\/\",\"name\":\"Tienda Online\",\"description\":\"Tu tienda de confianza\",\"potentialAction\":[{\"@type\":\"SearchAction\",\"target\":{\"@type\":\"EntryPoint\",\"urlTemplate\":\"https:\/\/www.rincondepo.com\/?s={search_term_string}\"},\"query-input\":\"required name=search_term_string\"}],\"inLanguage\":\"es\"}]}<\/script>\n<!-- \/ Yoast SEO plugin. -->","yoast_head_json":{"title":"Sobrecamisa negra Urban \u00b7 POCH GARMENTS - Tienda Online","description":"Sobrecamisa negra Urban de la marca POCH GARMENTS. Disponible en Rinc\u00f3n & Terrier by p\u00f3. Env\u00edo en 48\/72h GRATIS en todas las compras.","robots":{"index":"index","follow":"follow","max-snippet":"max-snippet:-1","max-image-preview":"max-image-preview:large","max-video-preview":"max-video-preview:-1"},"canonical":"https:\/\/www.rincondepo.com\/index.php\/product\/sobrecamisa-negra-urban-poch-garments\/","og_locale":"es_ES","og_type":"article","og_title":"Sobrecamisa negra Urban \u00b7 POCH GARMENTS - Tienda Online","og_description":"Sobrecamisa negra Urban de la marca POCH GARMENTS. Disponible en Rinc\u00f3n & Terrier by p\u00f3. Env\u00edo en 48\/72h GRATIS en todas las compras.","og_url":"https:\/\/www.rincondepo.com\/index.php\/product\/sobrecamisa-negra-urban-poch-garments\/","og_site_name":"Tienda Online","article_modified_time":"2026-04-14T17:46:52+00:00","og_image":[{"width":311,"height":489,"url":"https:\/\/www.rincondepo.com\/wp-content\/uploads\/2026\/04\/Captura.png","type":"image\/png"}],"twitter_card":"summary_large_image","twitter_misc":{"Tiempo de lectura":"1 minuto"},"schema":{"@context":"https:\/\/schema.org","@graph":[{"@type":"WebPage","@id":"https:\/\/www.rincondepo.com\/index.php\/product\/sobrecamisa-negra-urban-poch-garments\/","url":"https:\/\/www.rincondepo.com\/index.php\/product\/sobrecamisa-negra-urban-poch-garments\/","name":"Sobrecamisa negra Urban \u00b7 POCH GARMENTS - Tienda Online","isPartOf":{"@id":"https:\/\/www.rincondepo.com\/#website"},"datePublished":"2026-04-14T17:46:51+00:00","dateModified":"2026-04-14T17:46:52+00:00","description":"Sobrecamisa negra Urban de la marca POCH GARMENTS. Disponible en Rinc\u00f3n & Terrier by p\u00f3. Env\u00edo en 48\/72h GRATIS en todas las compras.","breadcrumb":{"@id":"https:\/\/www.rincondepo.com\/index.php\/product\/sobrecamisa-negra-urban-poch-garments\/#breadcrumb"},"inLanguage":"es","potentialAction":[{"@type":"ReadAction","target":["https:\/\/www.rincondepo.com\/index.php\/product\/sobrecamisa-negra-urban-poch-garments\/"]}]},{"@type":"BreadcrumbList","@id":"https:\/\/www.rincondepo.com\/index.php\/product\/sobrecamisa-negra-urban-poch-garments\/#breadcrumb","itemListElement":[{"@type":"ListItem","position":1,"name":"Portada","item":"https:\/\/www.rincondepo.com\/"},{"@type":"ListItem","position":2,"name":"Tienda","item":"https:\/\/www.rincondepo.com\/index.php\/shop\/"},{"@type":"ListItem","position":3,"name":"Sobrecamisa negra Urban \u00b7 POCH GARMENTS"}]},{"@type":"WebSite","@id":"https:\/\/www.rincondepo.com\/#website","url":"https:\/\/www.rincondepo.com\/","name":"Tienda Online","description":"Tu tienda de confianza","potentialAction":[{"@type":"SearchAction","target":{"@type":"EntryPoint","urlTemplate":"https:\/\/www.rincondepo.com\/?s={search_term_string}"},"query-input":"required name=search_term_string"}],"inLanguage":"es"}]}},"_links":{"self":[{"href":"https:\/\/www.rincondepo.com\/index.php\/wp-json\/wp\/v2\/product\/16357"}],"collection":[{"href":"https:\/\/www.rincondepo.com\/index.php\/wp-json\/wp\/v2\/product"}],"about":[{"href":"https:\/\/www.rincondepo.com\/index.php\/wp-json\/wp\/v2\/types\/product"}],"wp:featuredmedia":[{"embeddable":true,"href":"https:\/\/www.rincondepo.com\/index.php\/wp-json\/wp\/v2\/media\/16360"}],"wp:attachment":[{"href":"https:\/\/www.rincondepo.com\/index.php\/wp-json\/wp\/v2\/media?parent=16357"}],"wp:term":[{"taxonomy":"product_cat","embeddable":true,"href":"https:\/\/www.rincondepo.com\/index.php\/wp-json\/wp\/v2\/product_cat?post=16357"},{"taxonomy":"product_tag","embeddable":true,"href":"https:\/\/www.rincondepo.com\/index.php\/wp-json\/wp\/v2\/product_tag?post=16357"}],"curies":[{"name":"wp","href":"https:\/\/api.w.org\/{rel}","templated":true}]}}