{"id":16361,"date":"2026-04-15T14:51:21","date_gmt":"2026-04-15T14:51:21","guid":{"rendered":"https:\/\/www.rincondepo.com\/?post_type=product&#038;p=16361"},"modified":"2026-04-15T14:51:22","modified_gmt":"2026-04-15T14:51:22","slug":"deportivas-sensei-moon-151-duuo","status":"publish","type":"product","link":"https:\/\/www.rincondepo.com\/index.php\/product\/deportivas-sensei-moon-151-duuo\/","title":{"rendered":"Deportivas Sensei Moon 151 \u00b7 DUUO"},"content":{"rendered":"<p>Deportivas Sensei Moon 151 DUUO. Pertenecen a la temporada Primavera \/ Verano 2026.<\/p>\n<p>La sensei moon combina a la perfecci\u00f3n el estilo retro con la funcionalidad y un toque de elegancia contempor\u00e1nea gracias a su vibrante dise\u00f1o multicolor en tonos amarillos, rosas y azules que destaca por un upper de textil y microfibra altamente transpirable.<\/p>\n<p>Su innovadora suela de phylon y goma con un llamativo patr\u00f3n ondulado ofrece una comodidad excepcional y un agarre \u00f3ptimo sobre diversas superficies, convirti\u00e9ndola en el calzado id\u00f3neo para aportar personalidad a tus looks urbanos diarios, caminar con total ligereza durante tus viajes o disfrutar de eventos informales con un aire deportivo y sofisticado.<\/p>\n","protected":false},"excerpt":{"rendered":"<p>Deportivas Sensei Moon 151 DUUO.<\/p>\n<p>Pertenecen a la temporada Primavera \/ Verano 2026.<\/p>\n","protected":false},"featured_media":16364,"template":"","meta":{"_joinchat":[]},"product_cat":[423,110],"product_tag":[588,611,358],"yoast_head":"<!-- This site is optimized with the Yoast SEO plugin v20.10 - https:\/\/yoast.com\/wordpress\/plugins\/seo\/ -->\n<title>Deportivas Sensei Moon 151 \u00b7 DUUO - Tienda Online<\/title>\n<meta name=\"description\" content=\"Deportivas Sensei Moon 151 de la marca DUUO. Disponible en Rinc\u00f3n &amp; Terrier by p\u00f3. Env\u00edo en 48\/72h GRATIS en todas las compras\" \/>\n<meta name=\"robots\" content=\"index, follow, max-snippet:-1, max-image-preview:large, max-video-preview:-1\" \/>\n<link rel=\"canonical\" href=\"https:\/\/www.rincondepo.com\/index.php\/product\/deportivas-sensei-moon-151-duuo\/\" \/>\n<meta property=\"og:locale\" content=\"es_ES\" \/>\n<meta property=\"og:type\" content=\"article\" \/>\n<meta property=\"og:title\" content=\"Deportivas Sensei Moon 151 \u00b7 DUUO - Tienda Online\" \/>\n<meta property=\"og:description\" content=\"Deportivas Sensei Moon 151 de la marca DUUO. Disponible en Rinc\u00f3n &amp; Terrier by p\u00f3. Env\u00edo en 48\/72h GRATIS en todas las compras\" \/>\n<meta property=\"og:url\" content=\"https:\/\/www.rincondepo.com\/index.php\/product\/deportivas-sensei-moon-151-duuo\/\" \/>\n<meta property=\"og:site_name\" content=\"Tienda Online\" \/>\n<meta property=\"article:modified_time\" content=\"2026-04-15T14:51:22+00:00\" \/>\n<meta property=\"og:image\" content=\"https:\/\/www.rincondepo.com\/wp-content\/uploads\/2026\/04\/D465151-01-L.jpg\" \/>\n\t<meta property=\"og:image:width\" content=\"1700\" \/>\n\t<meta property=\"og:image:height\" content=\"1700\" \/>\n\t<meta property=\"og:image:type\" content=\"image\/jpeg\" \/>\n<meta name=\"twitter:card\" content=\"summary_large_image\" \/>\n<meta name=\"twitter:label1\" content=\"Tiempo de lectura\" \/>\n\t<meta name=\"twitter:data1\" content=\"1 minuto\" \/>\n<script type=\"application\/ld+json\" class=\"yoast-schema-graph\">{\"@context\":\"https:\/\/schema.org\",\"@graph\":[{\"@type\":\"WebPage\",\"@id\":\"https:\/\/www.rincondepo.com\/index.php\/product\/deportivas-sensei-moon-151-duuo\/\",\"url\":\"https:\/\/www.rincondepo.com\/index.php\/product\/deportivas-sensei-moon-151-duuo\/\",\"name\":\"Deportivas Sensei Moon 151 \u00b7 DUUO - Tienda Online\",\"isPartOf\":{\"@id\":\"https:\/\/www.rincondepo.com\/#website\"},\"datePublished\":\"2026-04-15T14:51:21+00:00\",\"dateModified\":\"2026-04-15T14:51:22+00:00\",\"description\":\"Deportivas Sensei Moon 151 de la marca DUUO. Disponible en Rinc\u00f3n & Terrier by p\u00f3. Env\u00edo en 48\/72h GRATIS en todas las compras\",\"breadcrumb\":{\"@id\":\"https:\/\/www.rincondepo.com\/index.php\/product\/deportivas-sensei-moon-151-duuo\/#breadcrumb\"},\"inLanguage\":\"es\",\"potentialAction\":[{\"@type\":\"ReadAction\",\"target\":[\"https:\/\/www.rincondepo.com\/index.php\/product\/deportivas-sensei-moon-151-duuo\/\"]}]},{\"@type\":\"BreadcrumbList\",\"@id\":\"https:\/\/www.rincondepo.com\/index.php\/product\/deportivas-sensei-moon-151-duuo\/#breadcrumb\",\"itemListElement\":[{\"@type\":\"ListItem\",\"position\":1,\"name\":\"Portada\",\"item\":\"https:\/\/www.rincondepo.com\/\"},{\"@type\":\"ListItem\",\"position\":2,\"name\":\"Tienda\",\"item\":\"https:\/\/www.rincondepo.com\/index.php\/shop\/\"},{\"@type\":\"ListItem\",\"position\":3,\"name\":\"Deportivas Sensei Moon 151 \u00b7 DUUO\"}]},{\"@type\":\"WebSite\",\"@id\":\"https:\/\/www.rincondepo.com\/#website\",\"url\":\"https:\/\/www.rincondepo.com\/\",\"name\":\"Tienda Online\",\"description\":\"Tu tienda de confianza\",\"potentialAction\":[{\"@type\":\"SearchAction\",\"target\":{\"@type\":\"EntryPoint\",\"urlTemplate\":\"https:\/\/www.rincondepo.com\/?s={search_term_string}\"},\"query-input\":\"required name=search_term_string\"}],\"inLanguage\":\"es\"}]}<\/script>\n<!-- \/ Yoast SEO plugin. -->","yoast_head_json":{"title":"Deportivas Sensei Moon 151 \u00b7 DUUO - Tienda Online","description":"Deportivas Sensei Moon 151 de la marca DUUO. Disponible en Rinc\u00f3n & Terrier by p\u00f3. Env\u00edo en 48\/72h GRATIS en todas las compras","robots":{"index":"index","follow":"follow","max-snippet":"max-snippet:-1","max-image-preview":"max-image-preview:large","max-video-preview":"max-video-preview:-1"},"canonical":"https:\/\/www.rincondepo.com\/index.php\/product\/deportivas-sensei-moon-151-duuo\/","og_locale":"es_ES","og_type":"article","og_title":"Deportivas Sensei Moon 151 \u00b7 DUUO - Tienda Online","og_description":"Deportivas Sensei Moon 151 de la marca DUUO. Disponible en Rinc\u00f3n & Terrier by p\u00f3. Env\u00edo en 48\/72h GRATIS en todas las compras","og_url":"https:\/\/www.rincondepo.com\/index.php\/product\/deportivas-sensei-moon-151-duuo\/","og_site_name":"Tienda Online","article_modified_time":"2026-04-15T14:51:22+00:00","og_image":[{"width":1700,"height":1700,"url":"https:\/\/www.rincondepo.com\/wp-content\/uploads\/2026\/04\/D465151-01-L.jpg","type":"image\/jpeg"}],"twitter_card":"summary_large_image","twitter_misc":{"Tiempo de lectura":"1 minuto"},"schema":{"@context":"https:\/\/schema.org","@graph":[{"@type":"WebPage","@id":"https:\/\/www.rincondepo.com\/index.php\/product\/deportivas-sensei-moon-151-duuo\/","url":"https:\/\/www.rincondepo.com\/index.php\/product\/deportivas-sensei-moon-151-duuo\/","name":"Deportivas Sensei Moon 151 \u00b7 DUUO - Tienda Online","isPartOf":{"@id":"https:\/\/www.rincondepo.com\/#website"},"datePublished":"2026-04-15T14:51:21+00:00","dateModified":"2026-04-15T14:51:22+00:00","description":"Deportivas Sensei Moon 151 de la marca DUUO. Disponible en Rinc\u00f3n & Terrier by p\u00f3. Env\u00edo en 48\/72h GRATIS en todas las compras","breadcrumb":{"@id":"https:\/\/www.rincondepo.com\/index.php\/product\/deportivas-sensei-moon-151-duuo\/#breadcrumb"},"inLanguage":"es","potentialAction":[{"@type":"ReadAction","target":["https:\/\/www.rincondepo.com\/index.php\/product\/deportivas-sensei-moon-151-duuo\/"]}]},{"@type":"BreadcrumbList","@id":"https:\/\/www.rincondepo.com\/index.php\/product\/deportivas-sensei-moon-151-duuo\/#breadcrumb","itemListElement":[{"@type":"ListItem","position":1,"name":"Portada","item":"https:\/\/www.rincondepo.com\/"},{"@type":"ListItem","position":2,"name":"Tienda","item":"https:\/\/www.rincondepo.com\/index.php\/shop\/"},{"@type":"ListItem","position":3,"name":"Deportivas Sensei Moon 151 \u00b7 DUUO"}]},{"@type":"WebSite","@id":"https:\/\/www.rincondepo.com\/#website","url":"https:\/\/www.rincondepo.com\/","name":"Tienda Online","description":"Tu tienda de confianza","potentialAction":[{"@type":"SearchAction","target":{"@type":"EntryPoint","urlTemplate":"https:\/\/www.rincondepo.com\/?s={search_term_string}"},"query-input":"required name=search_term_string"}],"inLanguage":"es"}]}},"_links":{"self":[{"href":"https:\/\/www.rincondepo.com\/index.php\/wp-json\/wp\/v2\/product\/16361"}],"collection":[{"href":"https:\/\/www.rincondepo.com\/index.php\/wp-json\/wp\/v2\/product"}],"about":[{"href":"https:\/\/www.rincondepo.com\/index.php\/wp-json\/wp\/v2\/types\/product"}],"wp:featuredmedia":[{"embeddable":true,"href":"https:\/\/www.rincondepo.com\/index.php\/wp-json\/wp\/v2\/media\/16364"}],"wp:attachment":[{"href":"https:\/\/www.rincondepo.com\/index.php\/wp-json\/wp\/v2\/media?parent=16361"}],"wp:term":[{"taxonomy":"product_cat","embeddable":true,"href":"https:\/\/www.rincondepo.com\/index.php\/wp-json\/wp\/v2\/product_cat?post=16361"},{"taxonomy":"product_tag","embeddable":true,"href":"https:\/\/www.rincondepo.com\/index.php\/wp-json\/wp\/v2\/product_tag?post=16361"}],"curies":[{"name":"wp","href":"https:\/\/api.w.org\/{rel}","templated":true}]}}