{"id":16372,"date":"2026-04-17T17:10:04","date_gmt":"2026-04-17T17:10:04","guid":{"rendered":"https:\/\/www.rincondepo.com\/?post_type=product&#038;p=16372"},"modified":"2026-04-17T18:04:43","modified_gmt":"2026-04-17T18:04:43","slug":"cazadora-biker-bordado-en-plata-puchita-by-po","status":"publish","type":"product","link":"https:\/\/www.rincondepo.com\/index.php\/product\/cazadora-biker-bordado-en-plata-puchita-by-po\/","title":{"rendered":"Cazadora Biker bordado en plata \u00b7 PUCHITA BY PO"},"content":{"rendered":"<p>Cazadora Biker bordado en plata PUCHITA BY PO. Pertenece a la colecci\u00f3n capsula de Puchita by p\u00f3.<\/p>\n<p>Nuestra chaqueta estilo Biker combina la fuerza del efecto cuero con detalles delicados y \u00fanicos que la hacen simplemente irresistible. Su dise\u00f1o estructrado se fusiona con acabados en tul y volantes, creando un equilibrio perfecto entre actitud y feminidad.<\/p>\n<p>Con detalles met\u00e1licos, cierre asim\u00e9trico y un corte que estiliza la figura, esta pieza esta pensada para destacar en cualquier ocasion.<\/p>\n<p>Ideal para elevar un look casual o darle un giro audaz a un outfit mas elegante.<\/p>\n<p>Composici\u00f3n: 68.8% Poliuretano, 28. % Poli\u00e9ster, 1.6% Viscosa, 1.3% Algod\u00f3n.<\/p>\n<p>Por \u00faltimo ,combina con\u00a0 jeans, vestidos o looks casuales para elevar cualquier outfit.<\/p>\n<p>&nbsp;<\/p>\n<p>&nbsp;<\/p>\n","protected":false},"excerpt":{"rendered":"<p>Cazadora Biker bordado en plata PUCHITA BY PO.<\/p>\n<p>Pertenece a la colecci\u00f3n capsula de Puchita by p\u00f3.<\/p>\n","protected":false},"featured_media":16374,"template":"","meta":{"_joinchat":[]},"product_cat":[423,89,111],"product_tag":[596,238,614,224,237],"yoast_head":"<!-- This site is optimized with the Yoast SEO plugin v20.10 - https:\/\/yoast.com\/wordpress\/plugins\/seo\/ -->\n<title>Cazadora Biker bordado en plata \u00b7 PUCHITA BY PO - Tienda Online<\/title>\n<meta name=\"description\" content=\"Cazadora Biker bordado en plata de la marca PUCHITA BY PO. Disponible en Rinc\u00f3n &amp; Terrier by p\u00f3. Env\u00edo en 48\/72h GRATIS en todas las compras.\" \/>\n<meta name=\"robots\" content=\"index, follow, max-snippet:-1, max-image-preview:large, max-video-preview:-1\" \/>\n<link rel=\"canonical\" href=\"https:\/\/www.rincondepo.com\/index.php\/product\/cazadora-biker-bordado-en-plata-puchita-by-po\/\" \/>\n<meta property=\"og:locale\" content=\"es_ES\" \/>\n<meta property=\"og:type\" content=\"article\" \/>\n<meta property=\"og:title\" content=\"Cazadora Biker bordado en plata \u00b7 PUCHITA BY PO - Tienda Online\" \/>\n<meta property=\"og:description\" content=\"Cazadora Biker bordado en plata de la marca PUCHITA BY PO. Disponible en Rinc\u00f3n &amp; Terrier by p\u00f3. Env\u00edo en 48\/72h GRATIS en todas las compras.\" \/>\n<meta property=\"og:url\" content=\"https:\/\/www.rincondepo.com\/index.php\/product\/cazadora-biker-bordado-en-plata-puchita-by-po\/\" \/>\n<meta property=\"og:site_name\" content=\"Tienda Online\" \/>\n<meta property=\"article:modified_time\" content=\"2026-04-17T18:04:43+00:00\" \/>\n<meta property=\"og:image\" content=\"https:\/\/www.rincondepo.com\/wp-content\/uploads\/2026\/04\/Captura-1.png\" \/>\n\t<meta property=\"og:image:width\" content=\"313\" \/>\n\t<meta property=\"og:image:height\" content=\"422\" \/>\n\t<meta property=\"og:image:type\" content=\"image\/png\" \/>\n<meta name=\"twitter:card\" content=\"summary_large_image\" \/>\n<meta name=\"twitter:label1\" content=\"Tiempo de lectura\" \/>\n\t<meta name=\"twitter:data1\" content=\"1 minuto\" \/>\n<script type=\"application\/ld+json\" class=\"yoast-schema-graph\">{\"@context\":\"https:\/\/schema.org\",\"@graph\":[{\"@type\":\"WebPage\",\"@id\":\"https:\/\/www.rincondepo.com\/index.php\/product\/cazadora-biker-bordado-en-plata-puchita-by-po\/\",\"url\":\"https:\/\/www.rincondepo.com\/index.php\/product\/cazadora-biker-bordado-en-plata-puchita-by-po\/\",\"name\":\"Cazadora Biker bordado en plata \u00b7 PUCHITA BY PO - Tienda Online\",\"isPartOf\":{\"@id\":\"https:\/\/www.rincondepo.com\/#website\"},\"datePublished\":\"2026-04-17T17:10:04+00:00\",\"dateModified\":\"2026-04-17T18:04:43+00:00\",\"description\":\"Cazadora Biker bordado en plata de la marca PUCHITA BY PO. Disponible en Rinc\u00f3n & Terrier by p\u00f3. Env\u00edo en 48\/72h GRATIS en todas las compras.\",\"breadcrumb\":{\"@id\":\"https:\/\/www.rincondepo.com\/index.php\/product\/cazadora-biker-bordado-en-plata-puchita-by-po\/#breadcrumb\"},\"inLanguage\":\"es\",\"potentialAction\":[{\"@type\":\"ReadAction\",\"target\":[\"https:\/\/www.rincondepo.com\/index.php\/product\/cazadora-biker-bordado-en-plata-puchita-by-po\/\"]}]},{\"@type\":\"BreadcrumbList\",\"@id\":\"https:\/\/www.rincondepo.com\/index.php\/product\/cazadora-biker-bordado-en-plata-puchita-by-po\/#breadcrumb\",\"itemListElement\":[{\"@type\":\"ListItem\",\"position\":1,\"name\":\"Portada\",\"item\":\"https:\/\/www.rincondepo.com\/\"},{\"@type\":\"ListItem\",\"position\":2,\"name\":\"Tienda\",\"item\":\"https:\/\/www.rincondepo.com\/index.php\/shop\/\"},{\"@type\":\"ListItem\",\"position\":3,\"name\":\"Cazadora Biker bordado en plata \u00b7 PUCHITA BY PO\"}]},{\"@type\":\"WebSite\",\"@id\":\"https:\/\/www.rincondepo.com\/#website\",\"url\":\"https:\/\/www.rincondepo.com\/\",\"name\":\"Tienda Online\",\"description\":\"Tu tienda de confianza\",\"potentialAction\":[{\"@type\":\"SearchAction\",\"target\":{\"@type\":\"EntryPoint\",\"urlTemplate\":\"https:\/\/www.rincondepo.com\/?s={search_term_string}\"},\"query-input\":\"required name=search_term_string\"}],\"inLanguage\":\"es\"}]}<\/script>\n<!-- \/ Yoast SEO plugin. -->","yoast_head_json":{"title":"Cazadora Biker bordado en plata \u00b7 PUCHITA BY PO - Tienda Online","description":"Cazadora Biker bordado en plata de la marca PUCHITA BY PO. Disponible en Rinc\u00f3n & Terrier by p\u00f3. Env\u00edo en 48\/72h GRATIS en todas las compras.","robots":{"index":"index","follow":"follow","max-snippet":"max-snippet:-1","max-image-preview":"max-image-preview:large","max-video-preview":"max-video-preview:-1"},"canonical":"https:\/\/www.rincondepo.com\/index.php\/product\/cazadora-biker-bordado-en-plata-puchita-by-po\/","og_locale":"es_ES","og_type":"article","og_title":"Cazadora Biker bordado en plata \u00b7 PUCHITA BY PO - Tienda Online","og_description":"Cazadora Biker bordado en plata de la marca PUCHITA BY PO. Disponible en Rinc\u00f3n & Terrier by p\u00f3. Env\u00edo en 48\/72h GRATIS en todas las compras.","og_url":"https:\/\/www.rincondepo.com\/index.php\/product\/cazadora-biker-bordado-en-plata-puchita-by-po\/","og_site_name":"Tienda Online","article_modified_time":"2026-04-17T18:04:43+00:00","og_image":[{"width":313,"height":422,"url":"https:\/\/www.rincondepo.com\/wp-content\/uploads\/2026\/04\/Captura-1.png","type":"image\/png"}],"twitter_card":"summary_large_image","twitter_misc":{"Tiempo de lectura":"1 minuto"},"schema":{"@context":"https:\/\/schema.org","@graph":[{"@type":"WebPage","@id":"https:\/\/www.rincondepo.com\/index.php\/product\/cazadora-biker-bordado-en-plata-puchita-by-po\/","url":"https:\/\/www.rincondepo.com\/index.php\/product\/cazadora-biker-bordado-en-plata-puchita-by-po\/","name":"Cazadora Biker bordado en plata \u00b7 PUCHITA BY PO - Tienda Online","isPartOf":{"@id":"https:\/\/www.rincondepo.com\/#website"},"datePublished":"2026-04-17T17:10:04+00:00","dateModified":"2026-04-17T18:04:43+00:00","description":"Cazadora Biker bordado en plata de la marca PUCHITA BY PO. Disponible en Rinc\u00f3n & Terrier by p\u00f3. Env\u00edo en 48\/72h GRATIS en todas las compras.","breadcrumb":{"@id":"https:\/\/www.rincondepo.com\/index.php\/product\/cazadora-biker-bordado-en-plata-puchita-by-po\/#breadcrumb"},"inLanguage":"es","potentialAction":[{"@type":"ReadAction","target":["https:\/\/www.rincondepo.com\/index.php\/product\/cazadora-biker-bordado-en-plata-puchita-by-po\/"]}]},{"@type":"BreadcrumbList","@id":"https:\/\/www.rincondepo.com\/index.php\/product\/cazadora-biker-bordado-en-plata-puchita-by-po\/#breadcrumb","itemListElement":[{"@type":"ListItem","position":1,"name":"Portada","item":"https:\/\/www.rincondepo.com\/"},{"@type":"ListItem","position":2,"name":"Tienda","item":"https:\/\/www.rincondepo.com\/index.php\/shop\/"},{"@type":"ListItem","position":3,"name":"Cazadora Biker bordado en plata \u00b7 PUCHITA BY PO"}]},{"@type":"WebSite","@id":"https:\/\/www.rincondepo.com\/#website","url":"https:\/\/www.rincondepo.com\/","name":"Tienda Online","description":"Tu tienda de confianza","potentialAction":[{"@type":"SearchAction","target":{"@type":"EntryPoint","urlTemplate":"https:\/\/www.rincondepo.com\/?s={search_term_string}"},"query-input":"required name=search_term_string"}],"inLanguage":"es"}]}},"_links":{"self":[{"href":"https:\/\/www.rincondepo.com\/index.php\/wp-json\/wp\/v2\/product\/16372"}],"collection":[{"href":"https:\/\/www.rincondepo.com\/index.php\/wp-json\/wp\/v2\/product"}],"about":[{"href":"https:\/\/www.rincondepo.com\/index.php\/wp-json\/wp\/v2\/types\/product"}],"wp:featuredmedia":[{"embeddable":true,"href":"https:\/\/www.rincondepo.com\/index.php\/wp-json\/wp\/v2\/media\/16374"}],"wp:attachment":[{"href":"https:\/\/www.rincondepo.com\/index.php\/wp-json\/wp\/v2\/media?parent=16372"}],"wp:term":[{"taxonomy":"product_cat","embeddable":true,"href":"https:\/\/www.rincondepo.com\/index.php\/wp-json\/wp\/v2\/product_cat?post=16372"},{"taxonomy":"product_tag","embeddable":true,"href":"https:\/\/www.rincondepo.com\/index.php\/wp-json\/wp\/v2\/product_tag?post=16372"}],"curies":[{"name":"wp","href":"https:\/\/api.w.org\/{rel}","templated":true}]}}